{"id":2456,"date":"2024-09-06T10:01:08","date_gmt":"2024-09-06T08:01:08","guid":{"rendered":"http:\/\/o5i.80b.mytemp.website\/anlagekonzept\/"},"modified":"2026-03-10T15:28:37","modified_gmt":"2026-03-10T14:28:37","slug":"anlagekonzept","status":"publish","type":"page","link":"https:\/\/renaio.de\/it\/concetto-di-fondo-infrastrutturale\/investimento\/","title":{"rendered":"Concetto di investimento"},"content":{"rendered":"<div id=\"pl-2456\"  class=\"panel-layout\" ><div id=\"pg-2456-0\"  class=\"panel-grid panel-has-style\" ><div class=\"container panel-row-style panel-row-style-for-2456-0\" ><div id=\"pgc-2456-0-0\"  class=\"panel-grid-cell\" ><div id=\"panel-2456-0-0-0\" class=\"so-panel widget widget_sow-editor panel-first-child\" data-index=\"0\" ><div class=\"w-85 panel-widget-style panel-widget-style-for-2456-0-0-0\" ><div\n\t\t\t\n\t\t\tclass=\"so-widget-sow-editor so-widget-sow-editor-base\"\n\t\t\t\n\t\t>\n<div class=\"siteorigin-widget-tinymce textwidget\">\n\t<h1 class=\"text-center\" style=\"text-align: center;\">Il concetto di investimento RENAIO<\/h1>\n<\/div>\n<\/div><\/div><\/div><div id=\"panel-2456-0-0-1\" class=\"so-panel widget widget_sow-editor\" data-index=\"1\" ><div\n\t\t\t\n\t\t\tclass=\"so-widget-sow-editor so-widget-sow-editor-base\"\n\t\t\t\n\t\t>\n<div class=\"siteorigin-widget-tinymce textwidget\">\n\t<h2 class=\"text-left\"><strong>Universo di investimento<\/strong><\/h2>\n<\/div>\n<\/div><\/div><div id=\"panel-2456-0-0-2\" class=\"so-panel widget widget_sow-editor\" data-index=\"2\" ><div\n\t\t\t\n\t\t\tclass=\"so-widget-sow-editor so-widget-sow-editor-base\"\n\t\t\t\n\t\t>\n<div class=\"siteorigin-widget-tinymce textwidget\">\n\t<p class=\"RENAIOStandard text-justify\" style=\"text-align: justify;\">Il fondo infrastrutturale RENAIO \u00e8 stato lanciato come SICAV-RAIF all'inizio del 2019 per sostenere la transizione energetica e offrire agli investitori istituzionali l'opportunit\u00e0 di investire in impianti idroelettrici di piccole e medie dimensioni e dare un contributo alla protezione del clima oltre a generare un buon rendimento. Si tratta del primo fondo aperto per l'energia idroelettrica con volumi di investimento medio-piccoli in Europa. L'attenzione \u00e8 rivolta esclusivamente agli impianti idroelettrici dell'UE27 (pi\u00f9 Regno Unito e Svizzera) con un focus sugli investimenti nella regione alpina e nell'Europa centrale.<\/p>\n<p class=\"RENAIOStandard text-justify\" style=\"text-align: justify;\">Le centrali idroelettriche di Polonia, Slovacchia e Repubblica Ceca sono incluse a scopo di diversificazione. Il mix tecnologico si ottiene attraverso i vari tipi di centrali elettriche. Ci concentriamo sulla gestione e sul funzionamento di impianti idroelettrici di piccole e medie dimensioni con una capacit\u00e0 installata da 200 KW a 5 MW.<\/p>\n<p class=\"RENAIOStandard text-justify\" style=\"text-align: justify;\">Il principio RENAIO, che prevede una rigorosa diversificazione regionale, evita la formazione di concentrazioni. Vengono acquisite aziende indipendenti, che vengono esaminate da RENAIO e dai partner locali nell'ambito di un processo di due diligence trasparente.<\/p>\n<p class=\"RENAIOStandard text-justify\" style=\"text-align: justify;\">Il fondo infrastrutturale \u00e8 adatto agli investitori che sono tenuti a investire in conformit\u00e0 alla VAG o all'Ordinanza sugli Investimenti (AnlV Sezione 2 (1) N. 17 o N. 13b).<\/p>\n<\/div>\n<\/div><\/div><div id=\"panel-2456-0-0-3\" class=\"so-panel widget widget_sow-editor\" data-index=\"3\" ><div\n\t\t\t\n\t\t\tclass=\"so-widget-sow-editor so-widget-sow-editor-base\"\n\t\t\t\n\t\t>\n<div class=\"siteorigin-widget-tinymce textwidget\">\n\t<h2 class=\"text-left\"><strong>Investimenti e investimenti<\/strong><\/h2>\n<\/div>\n<\/div><\/div><div id=\"panel-2456-0-0-4\" class=\"so-panel widget widget_sow-editor panel-last-child\" data-index=\"4\" ><div\n\t\t\t\n\t\t\tclass=\"so-widget-sow-editor so-widget-sow-editor-base\"\n\t\t\t\n\t\t>\n<div class=\"siteorigin-widget-tinymce textwidget\">\n\t<p class=\"RENAIOStandard text-justify\" style=\"text-align: justify;\">Di norma, vengono acquisiti singoli sistemi con un volume di investimenti compreso tra i 3 e i 15 milioni di euro. Oltre ai classici sistemi ad acqua fluente e pressurizzata, vengono acquistate anche piccole centrali a vite. Il nostro obiettivo \u00e8 quello di acquisire il 100% delle azioni della societ\u00e0 per il fondo. Tuttavia, \u00e8 possibile una partecipazione di minoranza di almeno il 40%. Nella classe di rendimento inferiore, su cui ci stiamo concentrando, le negoziazioni sono attualmente molto vivaci e ci permettono di costruire un portafoglio ampiamente diversificato.<\/p>\n<\/div>\n<\/div><\/div><\/div><\/div><\/div><\/div>","protected":false},"excerpt":{"rendered":"<p>Il concetto di investimento RENAIO Universo di investimento Il fondo infrastrutturale RENAIO \u00e8 stato lanciato come SICAV-RAIF all&#8217;inizio del 2019 per sostenere la transizione energetica e offrire agli investitori istituzionali l&#8217;opportunit\u00e0 di investire in impianti idroelettrici di piccole e medie dimensioni e dare un contributo alla protezione del clima oltre a generare un buon rendimento. [&hellip;]<\/p>\n","protected":false},"author":1,"featured_media":1681,"parent":0,"menu_order":0,"comment_status":"closed","ping_status":"closed","template":"","meta":{"inline_featured_image":false,"footnotes":""},"class_list":["post-2456","page","type-page","status-publish","has-post-thumbnail","hentry"],"_links":{"self":[{"href":"https:\/\/renaio.de\/it\/wp-json\/wp\/v2\/pages\/2456","targetHints":{"allow":["GET"]}}],"collection":[{"href":"https:\/\/renaio.de\/it\/wp-json\/wp\/v2\/pages"}],"about":[{"href":"https:\/\/renaio.de\/it\/wp-json\/wp\/v2\/types\/page"}],"author":[{"embeddable":true,"href":"https:\/\/renaio.de\/it\/wp-json\/wp\/v2\/users\/1"}],"replies":[{"embeddable":true,"href":"https:\/\/renaio.de\/it\/wp-json\/wp\/v2\/comments?post=2456"}],"version-history":[{"count":1,"href":"https:\/\/renaio.de\/it\/wp-json\/wp\/v2\/pages\/2456\/revisions"}],"predecessor-version":[{"id":3435,"href":"https:\/\/renaio.de\/it\/wp-json\/wp\/v2\/pages\/2456\/revisions\/3435"}],"wp:featuredmedia":[{"embeddable":true,"href":"https:\/\/renaio.de\/it\/wp-json\/wp\/v2\/media\/1681"}],"wp:attachment":[{"href":"https:\/\/renaio.de\/it\/wp-json\/wp\/v2\/media?parent=2456"}],"curies":[{"name":"wp","href":"https:\/\/api.w.org\/{rel}","templated":true}]}}