{"id":2450,"date":"2024-09-06T10:01:47","date_gmt":"2024-09-06T08:01:47","guid":{"rendered":"http:\/\/o5i.80b.mytemp.website\/artikel-9-fonds-sfdr\/"},"modified":"2026-02-19T13:25:15","modified_gmt":"2026-02-19T12:25:15","slug":"artikel-9-fonds-sfdr","status":"publish","type":"page","link":"https:\/\/renaio.de\/it\/fondo-infrastrutture\/articolo-9-fondi-sfdr\/","title":{"rendered":"Fondo Articolo 9 (SFDR)"},"content":{"rendered":"<div id=\"pl-2450\"  class=\"panel-layout\" ><div id=\"pg-2450-0\"  class=\"panel-grid panel-has-style\" ><div class=\"container panel-row-style panel-row-style-for-2450-0\" ><div id=\"pgc-2450-0-0\"  class=\"panel-grid-cell\" ><div id=\"panel-2450-0-0-0\" class=\"so-panel widget widget_sow-editor panel-first-child\" data-index=\"0\" ><div class=\"panel-widget-style panel-widget-style-for-2450-0-0-0\" ><div\n\t\t\t\n\t\t\tclass=\"so-widget-sow-editor so-widget-sow-editor-base\"\n\t\t\t\n\t\t>\n<div class=\"siteorigin-widget-tinymce textwidget\">\n\t<h1 class=\"text-center\" style=\"text-align: center;\">Il Fondo per le infrastrutture idroelettriche RENAIO rienta nella categoria dell\u00b4articolo 9 (SFDR).<\/h1>\n<\/div>\n<\/div><\/div><\/div><div id=\"panel-2450-0-0-1\" class=\"so-panel widget widget_sow-editor panel-last-child\" data-index=\"1\" ><div\n\t\t\t\n\t\t\tclass=\"so-widget-sow-editor so-widget-sow-editor-base\"\n\t\t\t\n\t\t>\n<div class=\"siteorigin-widget-tinymce textwidget\">\n\t<p>La prova della seriet\u00e0 del nostro impegno \u00e8 data dalla classificazione del Fondo RENAIO per le infrastrutture idriche come fondo ex art. 9.<\/p>\n<p>Questa categorizzazione \u00e8 una parte importante del Regolamento UE sulla divulgazione (SFDR). \u00c8 stato progettato per rendere pi\u00f9 facile per gli investitori confrontare la sostenibilit\u00e0 dei prodotti finanziari. <\/p>\n<p>L'UE ha pubblicato il Piano d'azione per la finanza sostenibile nel marzo 2018.<\/p>\n<p>L'obiettivo di questo piano d'azione \u00e8 quello di garantire una maggiore conformit\u00e0 ai principi dell'Agenda 2023 delle Nazioni Unite per lo Sviluppo Sostenibile e agli obiettivi dell'Accordo sul Clima di Parigi.<\/p>\n<p>Solo pochissimi fondi in Europa - attualmente il 3,3% - soddisfano i rigidi requisiti dei fondi dell'articolo 9.<\/p>\n<p>Nel caso del Fondo RENAIO per le infrastrutture idriche, il 100% delle attivit\u00e0 \u00e8 costituito da investimenti sostenibili in conformit\u00e0 con la Direttiva SFDR.<\/p>\n<p>Al 31 dicembre 2024, il coefficiente di tassazione a livello di fondo era pari al 92% a causa delle posizioni di cassa, mentre la Direttiva SDFR richiede un coefficiente minimo del 90%.<\/p>\n<p>Siamo molto orgogliosi del fatto che il nostro fondo d'investimento sia un pioniere degli investimenti sostenibili in Europa e che sia uno dei prodotti finanziari \"dark green\" che offrono eccezionali benefici ambientali.<\/p>\n<p>Informazioni dettagliate su come accedere al Fondo Articolo 9 sono disponibili al seguente link:<\/p>\n<p><a class=\"btn btn-default\" href=\"\/wp-content\/uploads\/2024\/08\/ErfahrungsberichtTaxonomieWasserkraft_20240404.pdf\" rel=\"noopener\"><strong>Rapporto sul campo tassonomia idroelettrica (DE)<\/strong><\/a><\/p>\n<p><a class=\"btn btn-default\" href=\"\/wp-content\/uploads\/2025\/05\/Field-Report-Tanonomy-Hydropower_20240404_en.pdf\" rel=\"noopener\"><strong>Relazione sul campo sulla tassonomia dell'energia idroelettrica (EN)<\/strong><\/a><\/p>\n<\/div>\n<\/div><\/div><\/div><\/div><\/div><\/div>","protected":false},"excerpt":{"rendered":"<p>Il Fondo per le infrastrutture idroelettriche RENAIO rienta nella categoria dell\u00b4articolo 9 (SFDR). La prova della seriet\u00e0 del nostro impegno \u00e8 data dalla classificazione del Fondo RENAIO per le infrastrutture idriche come fondo ex art. 9. Questa categorizzazione \u00e8 una parte importante del Regolamento UE sulla divulgazione (SFDR). \u00c8 stato progettato per rendere pi\u00f9 facile [&hellip;]<\/p>\n","protected":false},"author":1,"featured_media":1681,"parent":0,"menu_order":0,"comment_status":"closed","ping_status":"closed","template":"","meta":{"inline_featured_image":false,"footnotes":""},"class_list":["post-2450","page","type-page","status-publish","has-post-thumbnail","hentry"],"_links":{"self":[{"href":"https:\/\/renaio.de\/it\/wp-json\/wp\/v2\/pages\/2450","targetHints":{"allow":["GET"]}}],"collection":[{"href":"https:\/\/renaio.de\/it\/wp-json\/wp\/v2\/pages"}],"about":[{"href":"https:\/\/renaio.de\/it\/wp-json\/wp\/v2\/types\/page"}],"author":[{"embeddable":true,"href":"https:\/\/renaio.de\/it\/wp-json\/wp\/v2\/users\/1"}],"replies":[{"embeddable":true,"href":"https:\/\/renaio.de\/it\/wp-json\/wp\/v2\/comments?post=2450"}],"version-history":[{"count":1,"href":"https:\/\/renaio.de\/it\/wp-json\/wp\/v2\/pages\/2450\/revisions"}],"predecessor-version":[{"id":3939,"href":"https:\/\/renaio.de\/it\/wp-json\/wp\/v2\/pages\/2450\/revisions\/3939"}],"wp:featuredmedia":[{"embeddable":true,"href":"https:\/\/renaio.de\/it\/wp-json\/wp\/v2\/media\/1681"}],"wp:attachment":[{"href":"https:\/\/renaio.de\/it\/wp-json\/wp\/v2\/media?parent=2450"}],"curies":[{"name":"wp","href":"https:\/\/api.w.org\/{rel}","templated":true}]}}