{"id":2447,"date":"2024-09-06T10:02:33","date_gmt":"2024-09-06T08:02:33","guid":{"rendered":"http:\/\/o5i.80b.mytemp.website\/betriebsfuehrung\/"},"modified":"2026-02-19T14:11:46","modified_gmt":"2026-02-19T13:11:46","slug":"betriebsfuehrung","status":"publish","type":"page","link":"https:\/\/renaio.de\/it\/centrali-idroelettriche\/gestione\/","title":{"rendered":"Gestione operativa"},"content":{"rendered":"<div id=\"pl-2447\"  class=\"panel-layout\" ><div id=\"pg-2447-0\"  class=\"panel-grid panel-has-style\" ><div class=\"container panel-row-style panel-row-style-for-2447-0\" ><div id=\"pgc-2447-0-0\"  class=\"panel-grid-cell\" ><div id=\"panel-2447-0-0-0\" class=\"so-panel widget widget_sow-editor panel-first-child\" data-index=\"0\" ><div class=\"panel-widget-style panel-widget-style-for-2447-0-0-0\" ><div\n\t\t\t\n\t\t\tclass=\"so-widget-sow-editor so-widget-sow-editor-base\"\n\t\t\t\n\t\t>\n<div class=\"siteorigin-widget-tinymce textwidget\">\n\t<h1 class=\"text-center\" style=\"text-align: center;\">Gestione operativa e manutenzione<\/h1>\n<\/div>\n<\/div><\/div><\/div><div id=\"panel-2447-0-0-1\" class=\"so-panel widget widget_sow-editor\" data-index=\"1\" ><div\n\t\t\t\n\t\t\tclass=\"so-widget-sow-editor so-widget-sow-editor-base\"\n\t\t\t\n\t\t>\n<div class=\"siteorigin-widget-tinymce textwidget\">\n\t<p style=\"text-align: justify;\">L'ottimizzazione del funzionamento e della manutenzione delle centrali elettriche porta a un alto livello di efficienza economica nell'energia idroelettrica e aumenta la durata dei componenti tecnici. Utilizzando un moderno software di controllo, combiniamo il monitoraggio, la manutenzione e il controllo delle nostre centrali elettriche in un'unica applicazione. Il software mette in rete gli impianti idroelettrici indipendentemente dalla loro ubicazione e consente di ottimizzare il funzionamento, la manutenzione e il controllo degli impianti. La registrazione e la documentazione digitale di tutti gli interventi di manutenzione, dei messaggi di guasto e dei dati di produzione aumentano la capacit\u00e0 di previsione per la gestione operativa. Il Monitor RENAIO combina le aree dei servizi finanziari, della tecnologia e della gestione operativa a vantaggio degli investitori e riduce in modo significativo i costi operativi e di manutenzione delle centrali elettriche.    <\/p>\n<\/div>\n<\/div><\/div><div id=\"panel-2447-0-0-2\" class=\"so-panel widget widget_sow-editor\" data-index=\"2\" ><div\n\t\t\t\n\t\t\tclass=\"so-widget-sow-editor so-widget-sow-editor-base\"\n\t\t\t\n\t\t>\n<div class=\"siteorigin-widget-tinymce textwidget\">\n\t<p style=\"text-align: justify;\"><a href=\"\/wp-content\/uploads\/2024\/08\/Zertifikat_RENAIO_Assets_GmbH_ISO_9001_DE012830-1_DE.pdf\" target=\"_blank\" rel=\"noopener\"><img loading=\"lazy\" decoding=\"async\" class=\"alignright wp-image-567\" src=\"\/wp-content\/uploads\/2024\/08\/csm_Zertifikat_RENAIO_Assets_GmbH_ISO_9001_DE012830-1_DE_216efe62bd-212x300.png\" alt=\"\" width=\"155\" height=\"220\" srcset=\"https:\/\/renaio.de\/wp-content\/uploads\/2024\/08\/csm_Zertifikat_RENAIO_Assets_GmbH_ISO_9001_DE012830-1_DE_216efe62bd-212x300.png 212w, https:\/\/renaio.de\/wp-content\/uploads\/2024\/08\/csm_Zertifikat_RENAIO_Assets_GmbH_ISO_9001_DE012830-1_DE_216efe62bd.png 423w\" sizes=\"auto, (max-width: 155px) 100vw, 155px\" \/><\/a>RENAIO \u00e8 certificata DIN EN ISO 9001:2015 per l'acquisto, l'acquisizione tecnica e la gestione di centrali elettriche.<br \/>\nISO 9001 \u00e8 uno standard riconosciuto a livello internazionale per i sistemi di gestione della qualit\u00e0 che supporta le aziende nel miglioramento delle procedure e dei processi aziendali. Lo standard definisce responsabilit\u00e0 e competenze e richiede una documentazione completa e un monitoraggio regolare del sistema di gestione della qualit\u00e0. Le aziende che soddisfano la ISO 9001 possono ricevere un certificato che ne attesta la conformit\u00e0. Le organizzazioni scelgono la ISO 9001 per aumentare la soddisfazione dei clienti, migliorare le prestazioni aziendali, aumentare la fiducia, incoraggiare l'innovazione, facilitare la certificazione per altri standard e migliorare l'immagine del proprio marchio.   <\/p>\n<\/div>\n<\/div><\/div><div id=\"panel-2447-0-0-3\" class=\"so-panel widget widget_sow-editor panel-last-child\" data-index=\"3\" ><div\n\t\t\t\n\t\t\tclass=\"so-widget-sow-editor so-widget-sow-editor-base\"\n\t\t\t\n\t\t>\n<div class=\"siteorigin-widget-tinymce textwidget\">\n\t<p style=\"text-align: justify;\"><a href=\"\/wp-content\/uploads\/2024\/08\/Umweltmanagementzertifikat.pdf\" target=\"_blank\" rel=\"noopener\"><img loading=\"lazy\" decoding=\"async\" class=\"alignright wp-image-583\" src=\"\/wp-content\/uploads\/2024\/08\/csm_Umweltmanagementzertifikat_52e3ae13d7-212x300.png\" alt=\"\" width=\"155\" height=\"220\" srcset=\"https:\/\/renaio.de\/wp-content\/uploads\/2024\/08\/csm_Umweltmanagementzertifikat_52e3ae13d7-212x300.png 212w, https:\/\/renaio.de\/wp-content\/uploads\/2024\/08\/csm_Umweltmanagementzertifikat_52e3ae13d7.png 423w\" sizes=\"auto, (max-width: 155px) 100vw, 155px\" \/><\/a>RENAIO \u00e8 certificata secondo la norma DIN EN ISO 14001:2015 per l'acquisto, l'acquisizione tecnica e la gestione di centrali elettriche.<br \/>\nQuesto standard internazionale specifica i requisiti di un sistema di gestione ambientale che consente a un'organizzazione di migliorare le proprie prestazioni ambientali, soddisfare gli obblighi legali e di altro tipo e raggiungere gli obiettivi ambientali. La certificazione ISO 14001 garantisce un miglioramento continuo nell'ambito delle prestazioni ambientali e della riduzione dei costi attraverso l'uso economico delle materie prime e dell'energia. I sistemi di gestione ambientale promuovono la protezione del clima, l'efficienza delle risorse, la certezza del diritto, l'approvvigionamento, la trasparenza e la sostenibilit\u00e0.  <\/p>\n<p>&nbsp;<\/p>\n<\/div>\n<\/div><\/div><\/div><\/div><\/div><div id=\"pg-2447-1\"  class=\"panel-grid panel-has-style\" ><div class=\"container panel-row-style panel-row-style-for-2447-1\" ><div id=\"pgc-2447-1-0\"  class=\"panel-grid-cell\" ><div id=\"panel-2447-1-0-0\" class=\"so-panel widget widget_media_image panel-first-child panel-last-child\" data-index=\"4\" ><div class=\"panel-widget-style panel-widget-style-for-2447-1-0-0\" ><img loading=\"lazy\" decoding=\"async\" class=\"image \" src=\"\/wp-content\/uploads\/2024\/08\/Ausruestung-294x300.png\" alt=\"\" width=\"294\" height=\"300\" \/><\/div><\/div><\/div><div id=\"pgc-2447-1-1\"  class=\"panel-grid-cell\" ><div id=\"panel-2447-1-1-0\" class=\"so-panel widget widget_sow-editor panel-first-child\" data-index=\"5\" ><div class=\"h-25 panel-widget-style panel-widget-style-for-2447-1-1-0\" ><div\n\t\t\t\n\t\t\tclass=\"so-widget-sow-editor so-widget-sow-editor-base\"\n\t\t\t\n\t\t>\n<div class=\"siteorigin-widget-tinymce textwidget\">\n\t<table style=\"border-collapse: collapse; width: 100%;\" border=\"0\">\n<tbody>\n<tr>\n<td class=\"investp-head-l\" style=\"width: 50%;\">Centrale elettrica<\/td>\n<td class=\"investp-head-r\">Personale di servizio in loco<\/td>\n<\/tr>\n<\/tbody>\n<\/table>\n<\/div>\n<\/div><\/div><\/div><div id=\"panel-2447-1-1-1\" class=\"so-panel widget widget_sow-editor\" data-index=\"6\" ><div class=\"h-25 panel-widget-style panel-widget-style-for-2447-1-1-1\" ><div\n\t\t\t\n\t\t\tclass=\"so-widget-sow-editor so-widget-sow-editor-base\"\n\t\t\t\n\t\t>\n<div class=\"siteorigin-widget-tinymce textwidget\">\n\t<table style=\"border-collapse: collapse; width: 100%;\" border=\"0\">\n<tbody>\n<tr>\n<td style=\"width: 50%;\"><img loading=\"lazy\" decoding=\"async\" src=\"\/wp-content\/uploads\/2024\/08\/WK.svg\" width=\"80\" height=\"80\" border=\"0\"><\/td>\n<td class=\"investp-txt\">Il team di assistenza RENAIO<\/td>\n<\/tr>\n<\/tbody>\n<\/table>\n<\/div>\n<\/div><\/div><\/div><div id=\"panel-2447-1-1-2\" class=\"so-panel widget widget_sow-editor\" data-index=\"7\" ><div class=\"panel-widget-style panel-widget-style-for-2447-1-1-2\" ><div\n\t\t\t\n\t\t\tclass=\"so-widget-sow-editor so-widget-sow-editor-base\"\n\t\t\t\n\t\t>\n<div class=\"siteorigin-widget-tinymce textwidget\">\n\t<hr\/>\n<\/div>\n<\/div><\/div><\/div><div id=\"panel-2447-1-1-3\" class=\"so-panel widget widget_sow-editor\" data-index=\"8\" ><div class=\"h-25 panel-widget-style panel-widget-style-for-2447-1-1-3\" ><div\n\t\t\t\n\t\t\tclass=\"so-widget-sow-editor so-widget-sow-editor-base\"\n\t\t\t\n\t\t>\n<div class=\"siteorigin-widget-tinymce textwidget\">\n\t<table style=\"border-collapse: collapse; width: 100%;\" border=\"0\">\n<tbody>\n<tr>\n<td class=\"investp-head-l\" style=\"width: 50%;\">Supporto di primo livello<\/td>\n<td class=\"investp-head-r\">Team nazionali<\/td>\n<\/tr>\n<\/tbody>\n<\/table>\n<\/div>\n<\/div><\/div><\/div><div id=\"panel-2447-1-1-4\" class=\"so-panel widget widget_sow-editor panel-last-child\" data-index=\"9\" ><div class=\"h-25 panel-widget-style panel-widget-style-for-2447-1-1-4\" ><div\n\t\t\t\n\t\t\tclass=\"so-widget-sow-editor so-widget-sow-editor-base\"\n\t\t\t\n\t\t>\n<div class=\"siteorigin-widget-tinymce textwidget\">\n\t<table style=\"border-collapse: collapse; width: 100%;\" border=\"0\">\n<tbody>\n<tr>\n<td style=\"width: 50%;\"><img loading=\"lazy\" decoding=\"async\" src=\"\/wp-content\/uploads\/2024\/08\/1_2.svg\" width=\"80\" height=\"80\" border=\"0\"><\/td>\n<td class=\"investp-txt\">Partner di assistenza \/ Team di manutenzione e produttore <\/td>\n<\/tr>\n<\/tbody>\n<\/table>\n<\/div>\n<\/div><\/div><\/div><\/div><\/div><\/div><div id=\"pg-2447-2\"  class=\"panel-grid panel-has-style\" ><div class=\"container panel-row-style panel-row-style-for-2447-2\" ><div id=\"pgc-2447-2-0\"  class=\"panel-grid-cell\" ><div id=\"panel-2447-2-0-0\" class=\"so-panel widget widget_sow-editor panel-first-child\" data-index=\"10\" ><div class=\"h-25 panel-widget-style panel-widget-style-for-2447-2-0-0\" ><div\n\t\t\t\n\t\t\tclass=\"so-widget-sow-editor so-widget-sow-editor-base\"\n\t\t\t\n\t\t>\n<div class=\"siteorigin-widget-tinymce textwidget\">\n\t<table style=\"border-collapse: collapse; width: 100%;\" border=\"0\">\n<tbody>\n<tr>\n<td class=\"investp-head-l\" style=\"width: 50%;\">Assistenza di secondo livello<\/td>\n<td class=\"investp-head-r\">Assistenza transfrontaliera<\/td>\n<\/tr>\n<\/tbody>\n<\/table>\n<\/div>\n<\/div><\/div><\/div><div id=\"panel-2447-2-0-1\" class=\"so-panel widget widget_sow-editor\" data-index=\"11\" ><div class=\"h-25 panel-widget-style panel-widget-style-for-2447-2-0-1\" ><div\n\t\t\t\n\t\t\tclass=\"so-widget-sow-editor so-widget-sow-editor-base\"\n\t\t\t\n\t\t>\n<div class=\"siteorigin-widget-tinymce textwidget\">\n\t<table style=\"border-collapse: collapse; width: 100%;\" border=\"0\">\n<tbody>\n<tr>\n<td style=\"width: 50%;\"><img loading=\"lazy\" decoding=\"async\" src=\"\/wp-content\/uploads\/2024\/08\/2.svg\" width=\"80\" height=\"80\" border=\"0\"><\/td>\n<td class=\"investp-txt\">Team di ingegneri RENAIO \/ Moderna tecnologia del centro di controllo<\/td>\n<\/tr>\n<\/tbody>\n<\/table>\n<\/div>\n<\/div><\/div><\/div><div id=\"panel-2447-2-0-2\" class=\"so-panel widget widget_sow-editor\" data-index=\"12\" ><div class=\"panel-widget-style panel-widget-style-for-2447-2-0-2\" ><div\n\t\t\t\n\t\t\tclass=\"so-widget-sow-editor so-widget-sow-editor-base\"\n\t\t\t\n\t\t>\n<div class=\"siteorigin-widget-tinymce textwidget\">\n\t<hr\/>\n<\/div>\n<\/div><\/div><\/div><div id=\"panel-2447-2-0-3\" class=\"so-panel widget widget_sow-editor\" data-index=\"13\" ><div class=\"h-25 panel-widget-style panel-widget-style-for-2447-2-0-3\" ><div\n\t\t\t\n\t\t\tclass=\"so-widget-sow-editor so-widget-sow-editor-base\"\n\t\t\t\n\t\t>\n<div class=\"siteorigin-widget-tinymce textwidget\">\n\t<table style=\"border-collapse: collapse; width: 100%;\" border=\"0\">\n<tbody>\n<tr>\n<td class=\"investp-head-l\" style=\"width: 50%;\">Assistenza di terzo livello<\/td>\n<td class=\"investp-head-r\">Competenza ed esperienza<\/td>\n<\/tr>\n<\/tbody>\n<\/table>\n<\/div>\n<\/div><\/div><\/div><div id=\"panel-2447-2-0-4\" class=\"so-panel widget widget_sow-editor panel-last-child\" data-index=\"14\" ><div class=\"h-25 panel-widget-style panel-widget-style-for-2447-2-0-4\" ><div\n\t\t\t\n\t\t\tclass=\"so-widget-sow-editor so-widget-sow-editor-base\"\n\t\t\t\n\t\t>\n<div class=\"siteorigin-widget-tinymce textwidget\">\n\t<table style=\"border-collapse: collapse; width: 100%;\" border=\"0\">\n<tbody>\n<tr>\n<td style=\"width: 50%;\"><img loading=\"lazy\" decoding=\"async\" src=\"\/wp-content\/uploads\/2024\/08\/3.svg\" width=\"80\" height=\"80\" border=\"0\"><\/td>\n<td class=\"investp-txt\">Cooperazione con un fornitore nazionale di energia tedesco<\/td>\n<\/tr>\n<\/tbody>\n<\/table>\n<\/div>\n<\/div><\/div><\/div><\/div><div id=\"pgc-2447-2-1\"  class=\"panel-grid-cell\" ><div id=\"panel-2447-2-1-0\" class=\"so-panel widget widget_media_image panel-first-child panel-last-child\" data-index=\"15\" ><div class=\"w-75 panel-widget-style panel-widget-style-for-2447-2-1-0\" ><img loading=\"lazy\" decoding=\"async\" class=\"image \" src=\"\/wp-content\/uploads\/2024\/08\/Laptop_SteuerungsSoftware.png\" alt=\"\" width=\"450\" height=\"327\" \/><\/div><\/div><\/div><\/div><\/div><\/div>","protected":false},"excerpt":{"rendered":"<p>Gestione operativa e manutenzione L&#8217;ottimizzazione del funzionamento e della manutenzione delle centrali elettriche porta a un alto livello di efficienza economica nell&#8217;energia idroelettrica e aumenta la durata dei componenti tecnici. Utilizzando un moderno software di controllo, combiniamo il monitoraggio, la manutenzione e il controllo delle nostre centrali elettriche in un&#8217;unica applicazione. Il software mette in [&hellip;]<\/p>\n","protected":false},"author":1,"featured_media":1831,"parent":0,"menu_order":0,"comment_status":"closed","ping_status":"closed","template":"","meta":{"inline_featured_image":false,"footnotes":""},"class_list":["post-2447","page","type-page","status-publish","has-post-thumbnail","hentry"],"_links":{"self":[{"href":"https:\/\/renaio.de\/it\/wp-json\/wp\/v2\/pages\/2447","targetHints":{"allow":["GET"]}}],"collection":[{"href":"https:\/\/renaio.de\/it\/wp-json\/wp\/v2\/pages"}],"about":[{"href":"https:\/\/renaio.de\/it\/wp-json\/wp\/v2\/types\/page"}],"author":[{"embeddable":true,"href":"https:\/\/renaio.de\/it\/wp-json\/wp\/v2\/users\/1"}],"replies":[{"embeddable":true,"href":"https:\/\/renaio.de\/it\/wp-json\/wp\/v2\/comments?post=2447"}],"version-history":[{"count":1,"href":"https:\/\/renaio.de\/it\/wp-json\/wp\/v2\/pages\/2447\/revisions"}],"predecessor-version":[{"id":3951,"href":"https:\/\/renaio.de\/it\/wp-json\/wp\/v2\/pages\/2447\/revisions\/3951"}],"wp:featuredmedia":[{"embeddable":true,"href":"https:\/\/renaio.de\/it\/wp-json\/wp\/v2\/media\/1831"}],"wp:attachment":[{"href":"https:\/\/renaio.de\/it\/wp-json\/wp\/v2\/media?parent=2447"}],"curies":[{"name":"wp","href":"https:\/\/api.w.org\/{rel}","templated":true}]}}