{"id":2444,"date":"2024-09-06T10:03:50","date_gmt":"2024-09-06T08:03:50","guid":{"rendered":"http:\/\/o5i.80b.mytemp.website\/direkt-anlagen\/"},"modified":"2026-02-19T14:11:20","modified_gmt":"2026-02-19T13:11:20","slug":"direkt-anlagen","status":"publish","type":"page","link":"https:\/\/renaio.de\/it\/sistemi-idroelettrici\/diretti\/","title":{"rendered":"Investimenti diretti"},"content":{"rendered":"<div id=\"pl-2444\"  class=\"panel-layout\" ><div id=\"pg-2444-0\"  class=\"panel-grid panel-has-style\" ><div class=\"container panel-row-style panel-row-style-for-2444-0\" ><div id=\"pgc-2444-0-0\"  class=\"panel-grid-cell\" ><div id=\"panel-2444-0-0-0\" class=\"so-panel widget widget_sow-editor panel-first-child\" data-index=\"0\" ><div class=\"panel-widget-style panel-widget-style-for-2444-0-0-0\" ><div\n\t\t\t\n\t\t\tclass=\"so-widget-sow-editor so-widget-sow-editor-base\"\n\t\t\t\n\t\t>\n<div class=\"siteorigin-widget-tinymce textwidget\">\n\t<h1 class=\"text-center\" style=\"text-align: center;\">Il tuo partner per un investimento diretto sostenibile<\/h1>\n<\/div>\n<\/div><\/div><\/div><div id=\"panel-2444-0-0-1\" class=\"so-panel widget widget_sow-editor\" data-index=\"1\" ><div class=\"panel-widget-style panel-widget-style-for-2444-0-0-1\" ><div\n\t\t\t\n\t\t\tclass=\"so-widget-sow-editor so-widget-sow-editor-base\"\n\t\t\t\n\t\t>\n<div class=\"siteorigin-widget-tinymce textwidget\">\n\t<p>Approfittate della nostra elevata competenza nel campo degli investimenti idroelettrici per il vostro investimento diretto. Ti guidiamo nel processo di acquisizione e ci occupiamo della gestione tecnica e commerciale degli impianti. <\/p>\n<\/div>\n<\/div><\/div><\/div><div id=\"panel-2444-0-0-2\" class=\"so-panel widget widget_text\" data-index=\"2\" >\t\t\t<div class=\"textwidget\"><h2 class=\"text-left\"><strong>Progetto di riferimento Boxberg<\/strong><\/h2>\n<\/div>\n\t\t<\/div><div id=\"panel-2444-0-0-3\" class=\"so-panel widget widget_text\" data-index=\"3\" >\t\t\t<div class=\"textwidget\"><div class=\"portfolio-container\">\n<div class=\"portfolio\">\n<div class=\"portfolio-inner\">\n<div class=\"portfolio-front\">\n<p><img decoding=\"async\" src=\"\/wp-content\/uploads\/2025\/05\/Boxberg_500x500px.jpg\" alt=\"Centrale idroelettrica di Boxberg\"><\/p>\n<div class=\"portfolio-front-text\">\n<h3>Boxberg 260 kW<\/h3>\n<p>Distretto di G\u00f6rlitz (DE)<\/p>\n<\/div>\n<\/div>\n<div class=\"portfolio-back\">La centrale idroelettrica di Boxberg Vanta una tradizione di 500 anni. Lo sbarramento esiste da allora ed \u00e8 ormai indispensabile per il suo scopo ecologico. La centrale idroelettrica \u00e8 costruita completamente sottoterra e pu\u00f2 essere completamente allagata. Dal punto di vista ecologico, l&#8217;impianto \u00e8 dotato di una scala per pesci esemplare, una scala per anguille e un percorso per lontre. L&#8217;impianto \u00e8 completamente automatico e pu\u00f2 essere accessibile per la manutenzione a distanza.    <\/div>\n<\/div>\n<\/div>\n<\/div>\n<\/div>\n\t\t<\/div><div id=\"panel-2444-0-0-4\" class=\"so-panel widget widget_text\" data-index=\"4\" >\t\t\t<div class=\"textwidget\"><h3 class=\"text-left\">Sostegno agli investitori Investimenti diretti<\/h3>\n<\/div>\n\t\t<\/div><div id=\"panel-2444-0-0-5\" class=\"so-panel widget widget_text panel-last-child\" data-index=\"5\" >\t\t\t<div class=\"textwidget\"><div class=\"img-text-row-container\" style=\"justify-content: left;\">\n<div class=\"img-text-block\">\n<p><img decoding=\"async\" src=\"\/wp-content\/uploads\/2025\/05\/Howard_Luder_rund_200x200px.jpg\" alt=\"Relazioni con gli investitori Howard Luder\"><\/p>\n<div class=\"img-text-block-stack\">\n<div class=\"img-text\">Supporto agli investitori<\/div>\n<div class=\"img-text\">Howard Luder<br \/>\nFon: +49 821 899 845 944<br \/>\nMob: +49 171 385 7859<br \/>\nE-Mail: <a href=\"mailto:luder@renaio.de\">luder@renaio.de<\/a><\/div>\n<\/div>\n<\/div>\n<div class=\"img-text-block\">\n<p><img decoding=\"async\" src=\"\/wp-content\/uploads\/2025\/05\/Andreas_Grassl_rund_200x200px.jpg\" alt=\"Relazioni con gli investitori Andreas Grassl\"><\/p>\n<div class=\"img-text-block-stack\">\n<div class=\"img-text\">Supporto agli investitori<\/div>\n<div class=\"img-text\">Andreas Grassl<br \/>\nTelefono: +49 821 899 845 92<br \/>\nMob. +49 172 731 12 16<br \/>\nE-Mail: <a href=\"mailto:grassl@renaio.de\">grassl@renaio.de<\/a> <\/div>\n<\/div>\n<\/div>\n<\/div>\n<\/div>\n\t\t<\/div><\/div><\/div><\/div><\/div>","protected":false},"excerpt":{"rendered":"<p>Il tuo partner per un investimento diretto sostenibile Approfittate della nostra elevata competenza nel campo degli investimenti idroelettrici per il vostro investimento diretto. Ti guidiamo nel processo di acquisizione e ci occupiamo della gestione tecnica e commerciale degli impianti. Progetto di riferimento Boxberg Boxberg 260 kW Distretto di G\u00f6rlitz (DE) La centrale idroelettrica di Boxberg [&hellip;]<\/p>\n","protected":false},"author":1,"featured_media":1825,"parent":0,"menu_order":0,"comment_status":"closed","ping_status":"closed","template":"","meta":{"inline_featured_image":false,"footnotes":""},"class_list":["post-2444","page","type-page","status-publish","has-post-thumbnail","hentry"],"_links":{"self":[{"href":"https:\/\/renaio.de\/it\/wp-json\/wp\/v2\/pages\/2444","targetHints":{"allow":["GET"]}}],"collection":[{"href":"https:\/\/renaio.de\/it\/wp-json\/wp\/v2\/pages"}],"about":[{"href":"https:\/\/renaio.de\/it\/wp-json\/wp\/v2\/types\/page"}],"author":[{"embeddable":true,"href":"https:\/\/renaio.de\/it\/wp-json\/wp\/v2\/users\/1"}],"replies":[{"embeddable":true,"href":"https:\/\/renaio.de\/it\/wp-json\/wp\/v2\/comments?post=2444"}],"version-history":[{"count":1,"href":"https:\/\/renaio.de\/it\/wp-json\/wp\/v2\/pages\/2444\/revisions"}],"predecessor-version":[{"id":3978,"href":"https:\/\/renaio.de\/it\/wp-json\/wp\/v2\/pages\/2444\/revisions\/3978"}],"wp:featuredmedia":[{"embeddable":true,"href":"https:\/\/renaio.de\/it\/wp-json\/wp\/v2\/media\/1825"}],"wp:attachment":[{"href":"https:\/\/renaio.de\/it\/wp-json\/wp\/v2\/media?parent=2444"}],"curies":[{"name":"wp","href":"https:\/\/api.w.org\/{rel}","templated":true}]}}