{"id":2435,"date":"2024-09-06T10:08:09","date_gmt":"2024-09-06T08:08:09","guid":{"rendered":"http:\/\/o5i.80b.mytemp.website\/partner\/"},"modified":"2026-02-19T12:30:08","modified_gmt":"2026-02-19T11:30:08","slug":"partner","status":"publish","type":"page","link":"https:\/\/renaio.de\/it\/azienda\/partner\/","title":{"rendered":"Partner"},"content":{"rendered":"<div id=\"pl-2435\"  class=\"panel-layout\" ><div id=\"pg-2435-0\"  class=\"panel-grid panel-has-style\" ><div class=\"container panel-row-style panel-row-style-for-2435-0\" ><div id=\"pgc-2435-0-0\"  class=\"panel-grid-cell\" ><div id=\"panel-2435-0-0-0\" class=\"so-panel widget widget_sow-editor panel-first-child\" data-index=\"0\" ><div class=\"w-85 panel-widget-style panel-widget-style-for-2435-0-0-0\" ><div\n\t\t\t\n\t\t\tclass=\"so-widget-sow-editor so-widget-sow-editor-base\"\n\t\t\t\n\t\t>\n<div class=\"siteorigin-widget-tinymce textwidget\">\n\t<h1 class=\"text-center\" style=\"text-align: center;\">Uniamo le nostre competenze<\/h1>\n<\/div>\n<\/div><\/div><\/div><div id=\"panel-2435-0-0-1\" class=\"so-panel widget widget_sow-editor panel-last-child\" data-index=\"1\" ><div\n\t\t\t\n\t\t\tclass=\"so-widget-sow-editor so-widget-sow-editor-base\"\n\t\t\t\n\t\t>\n<div class=\"siteorigin-widget-tinymce textwidget\">\n\t<p>Per garantire la conclusione senza problemi di un contratto per l'acquisto di una centrale elettrica, \u00e8 necessaria l'esperienza dei nostri specialisti interni e dei partner esterni.<\/p>\n<\/div>\n<\/div><\/div><\/div><\/div><\/div><div id=\"pg-2435-1\"  class=\"panel-grid panel-has-style\" ><div class=\"container panel-row-style panel-row-style-for-2435-1\" ><div id=\"pgc-2435-1-0\"  class=\"panel-grid-cell\" ><div id=\"panel-2435-1-0-0\" class=\"so-panel widget widget_sow-editor panel-first-child\" data-index=\"2\" ><div\n\t\t\t\n\t\t\tclass=\"so-widget-sow-editor so-widget-sow-editor-base\"\n\t\t\t\n\t\t>\n<div class=\"siteorigin-widget-tinymce textwidget\">\n\t<h2 class=\"text-left\"><strong>Allg\u00e4uer \u00dcberlandwerk (A\u00dcW)<\/strong><\/h2>\n<\/div>\n<\/div><\/div><div id=\"panel-2435-1-0-1\" class=\"so-panel widget widget_sow-editor panel-last-child\" data-index=\"3\" ><div\n\t\t\t\n\t\t\tclass=\"so-widget-sow-editor so-widget-sow-editor-base\"\n\t\t\t\n\t\t>\n<div class=\"siteorigin-widget-tinymce textwidget\">\n\t<p>Per assicurare un elevato livello di competenza tecnica e garantire un'assistenza completa, collaboriamo con <strong>Allg\u00e4uer \u00dcberlandwerk (A\u00dcW)<\/strong> per la gestione operativa.<\/p>\n<p><a class=\"btn btn-default\" href=\"https:\/\/auew.de\/\" target=\"_blank\" rel=\"noopener\"><strong>Al sito web di A\u00dcW<\/strong><\/a><\/p>\n<\/div>\n<\/div><\/div><\/div><div id=\"pgc-2435-1-1\"  class=\"panel-grid-cell\" ><div id=\"panel-2435-1-1-0\" class=\"so-panel widget widget_sow-image panel-first-child panel-last-child\" data-index=\"4\" ><div\n\t\t\t\n\t\t\tclass=\"so-widget-sow-image so-widget-sow-image-default-c67d20f9f743-2435\"\n\t\t\t\n\t\t>\n<div class=\"sow-image-container\">\n\t\t<img \n\tsrc=\"https:\/\/renaio.de\/wp-content\/uploads\/2024\/08\/Logo_Auew_klein1.png\" width=\"187\" height=\"50\" sizes=\"(max-width: 187px) 100vw, 187px\" alt=\"\" \t\tclass=\"so-widget-image\"\/>\n\t<\/div>\n\n<\/div><\/div><\/div><\/div><\/div><div id=\"pg-2435-2\"  class=\"panel-grid panel-has-style\" ><div class=\"container panel-row-style panel-row-style-for-2435-2\" ><div id=\"pgc-2435-2-0\"  class=\"panel-grid-cell\" ><div id=\"panel-2435-2-0-0\" class=\"so-panel widget widget_sow-editor panel-first-child panel-last-child\" data-index=\"5\" ><div\n\t\t\t\n\t\t\tclass=\"so-widget-sow-editor so-widget-sow-editor-base\"\n\t\t\t\n\t\t>\n<div class=\"siteorigin-widget-tinymce textwidget\">\n\t<hr class=\"ce-div\"\/>\n<\/div>\n<\/div><\/div><\/div><\/div><\/div><div id=\"pg-2435-3\"  class=\"panel-grid panel-has-style\" ><div class=\"container panel-row-style panel-row-style-for-2435-3\" ><div id=\"pgc-2435-3-0\"  class=\"panel-grid-cell\" ><div id=\"panel-2435-3-0-0\" class=\"so-panel widget widget_sow-editor panel-first-child\" data-index=\"6\" ><div\n\t\t\t\n\t\t\tclass=\"so-widget-sow-editor so-widget-sow-editor-base\"\n\t\t\t\n\t\t>\n<div class=\"siteorigin-widget-tinymce textwidget\">\n\t<h2 class=\"text-left\"><strong>Donner &amp; Reuschel Aktiengesellschaft<\/strong><\/h2>\n<\/div>\n<\/div><\/div><div id=\"panel-2435-3-0-1\" class=\"so-panel widget widget_sow-editor panel-last-child\" data-index=\"7\" ><div\n\t\t\t\n\t\t\tclass=\"so-widget-sow-editor so-widget-sow-editor-base\"\n\t\t\t\n\t\t>\n<div class=\"siteorigin-widget-tinymce textwidget\">\n\t<p><strong>Donner &amp; Reuschel<\/strong> \u00e8 una banca privata tedesca con uffici ad Amburgo, Monaco, Brema, D\u00fcsseldorf, Francoforte sul Meno, Stoccarda e Lussemburgo. La banca si occupa di consulenza qualificata e completa per clienti privati facoltosi, clienti aziendali e immobiliari, nonch\u00e9 investitori istituzionali e gestori patrimoniali. <\/p>\n<p><a class=\"btn btn-default\" href=\"https:\/\/donner-reuschel.de\/\" target=\"_blank\" rel=\"noopener\"><strong>Zur Website der Donner &amp; Reuschel Aktiengesellschaft<\/strong><\/a><\/p>\n<\/div>\n<\/div><\/div><\/div><div id=\"pgc-2435-3-1\"  class=\"panel-grid-cell\" ><div id=\"panel-2435-3-1-0\" class=\"so-panel widget widget_sow-image panel-first-child panel-last-child\" data-index=\"8\" ><div\n\t\t\t\n\t\t\tclass=\"so-widget-sow-image so-widget-sow-image-default-c67d20f9f743-2435\"\n\t\t\t\n\t\t>\n<div class=\"sow-image-container\">\n\t\t<img \n\tsrc=\"https:\/\/renaio.de\/wp-content\/uploads\/2025\/05\/DR-Logo.jpg\" width=\"1022\" height=\"391\" srcset=\"https:\/\/renaio.de\/wp-content\/uploads\/2025\/05\/DR-Logo.jpg 1022w, https:\/\/renaio.de\/wp-content\/uploads\/2025\/05\/DR-Logo-300x115.jpg 300w, https:\/\/renaio.de\/wp-content\/uploads\/2025\/05\/DR-Logo-768x294.jpg 768w\" sizes=\"(max-width: 1022px) 100vw, 1022px\" title=\"D&#038;R Logo\" alt=\"\" \t\tclass=\"so-widget-image\"\/>\n\t<\/div>\n\n<\/div><\/div><\/div><\/div><\/div><div id=\"pg-2435-4\"  class=\"panel-grid panel-has-style\" ><div class=\"container panel-row-style panel-row-style-for-2435-4\" ><div id=\"pgc-2435-4-0\"  class=\"panel-grid-cell\" ><div id=\"panel-2435-4-0-0\" class=\"so-panel widget widget_sow-editor panel-first-child panel-last-child\" data-index=\"9\" ><div\n\t\t\t\n\t\t\tclass=\"so-widget-sow-editor so-widget-sow-editor-base\"\n\t\t\t\n\t\t>\n<div class=\"siteorigin-widget-tinymce textwidget\">\n\t<hr class=\"ce-div\"\/>\n<\/div>\n<\/div><\/div><\/div><\/div><\/div><div id=\"pg-2435-5\"  class=\"panel-grid panel-has-style\" ><div class=\"container panel-row-style panel-row-style-for-2435-5\" ><div id=\"pgc-2435-5-0\"  class=\"panel-grid-cell\" ><div id=\"panel-2435-5-0-0\" class=\"so-panel widget widget_sow-editor panel-first-child\" data-index=\"10\" ><div\n\t\t\t\n\t\t\tclass=\"so-widget-sow-editor so-widget-sow-editor-base\"\n\t\t\t\n\t\t>\n<div class=\"siteorigin-widget-tinymce textwidget\">\n\t<h2 class=\"text-left\"><strong>HANSAINVEST LUX S.A.<\/strong><\/h2>\n<\/div>\n<\/div><\/div><div id=\"panel-2435-5-0-1\" class=\"so-panel widget widget_sow-editor panel-last-child\" data-index=\"11\" ><div\n\t\t\t\n\t\t\tclass=\"so-widget-sow-editor so-widget-sow-editor-base\"\n\t\t\t\n\t\t>\n<div class=\"siteorigin-widget-tinymce textwidget\">\n\t<p><strong>HANSAINVEST LUX S.A.<\/strong> \u00e8 un servizio lussemburghese di KVG per strutture di fondi personalizzate, in particolare nel campo degli investimenti alternativi. Fa parte di HANSAINVEST Hanseatische Investment-GmbH e offre servizi di gestione completi.  <\/p>\n<p><a class=\"btn btn-default\" href=\"https:\/\/www.hansainvest.de\/de\/unternehmen\/hansainvest-luxemburg\" target=\"_blank\" rel=\"noopener\"><strong>Al sito web di HANSAINVEST LUX S.A. <\/strong><\/a><\/p>\n<\/div>\n<\/div><\/div><\/div><div id=\"pgc-2435-5-1\"  class=\"panel-grid-cell\" ><div id=\"panel-2435-5-1-0\" class=\"so-panel widget widget_sow-image panel-first-child panel-last-child\" data-index=\"12\" ><div\n\t\t\t\n\t\t\tclass=\"so-widget-sow-image so-widget-sow-image-default-c67d20f9f743-2435\"\n\t\t\t\n\t\t>\n<div class=\"sow-image-container\">\n\t\t<img \n\tsrc=\"https:\/\/renaio.de\/wp-content\/uploads\/2025\/05\/HILUX_600x75.png\" width=\"600\" height=\"75\" srcset=\"https:\/\/renaio.de\/wp-content\/uploads\/2025\/05\/HILUX_600x75.png 600w, https:\/\/renaio.de\/wp-content\/uploads\/2025\/05\/HILUX_600x75-300x38.png 300w\" sizes=\"(max-width: 600px) 100vw, 600px\" alt=\"\" \t\tclass=\"so-widget-image\"\/>\n\t<\/div>\n\n<\/div><\/div><\/div><\/div><\/div><div id=\"pg-2435-6\"  class=\"panel-grid panel-has-style\" ><div class=\"container panel-row-style panel-row-style-for-2435-6\" ><div id=\"pgc-2435-6-0\"  class=\"panel-grid-cell\" ><div id=\"panel-2435-6-0-0\" class=\"so-panel widget widget_sow-editor panel-first-child panel-last-child\" data-index=\"13\" ><div\n\t\t\t\n\t\t\tclass=\"so-widget-sow-editor so-widget-sow-editor-base\"\n\t\t\t\n\t\t>\n<div class=\"siteorigin-widget-tinymce textwidget\">\n\t<hr class=\"ce-div\"\/>\n<\/div>\n<\/div><\/div><\/div><\/div><\/div><div id=\"pg-2435-7\"  class=\"panel-grid panel-has-style\" ><div class=\"container panel-row-style panel-row-style-for-2435-7\" ><div id=\"pgc-2435-7-0\"  class=\"panel-grid-cell\" ><div id=\"panel-2435-7-0-0\" class=\"so-panel widget widget_sow-editor panel-first-child\" data-index=\"14\" ><div\n\t\t\t\n\t\t\tclass=\"so-widget-sow-editor so-widget-sow-editor-base\"\n\t\t\t\n\t\t>\n<div class=\"siteorigin-widget-tinymce textwidget\">\n\t<h2 class=\"text-left\"><strong>Dr. Hengster, Loesch &amp; Kollegen GmbH<\/strong><\/h2>\n<\/div>\n<\/div><\/div><div id=\"panel-2435-7-0-1\" class=\"so-panel widget widget_sow-editor panel-last-child\" data-index=\"15\" ><div\n\t\t\t\n\t\t\tclass=\"so-widget-sow-editor so-widget-sow-editor-base\"\n\t\t\t\n\t\t>\n<div class=\"siteorigin-widget-tinymce textwidget\">\n\t<p><strong>Dr. Hengster, Loesch &amp; Kollegen<\/strong> \u00e8 il nostro partner di vendita esclusivo e un agente di investimento specializzato in rendimenti a lungo termine. Tra le altre cose, si considera un partner strategico a lungo termine e un consulente per gli investitori istituzionali in Germania e Austria. <\/p>\n<p><a class=\"btn btn-default\" href=\"https:\/\/www.hengsterloesch.de\/\" target=\"_blank\" rel=\"noopener\"><strong>Al sito web di Dr. Hengster, Loesch &amp; Kollegen<\/strong><\/a><\/p>\n<\/div>\n<\/div><\/div><\/div><div id=\"pgc-2435-7-1\"  class=\"panel-grid-cell\" ><div id=\"panel-2435-7-1-0\" class=\"so-panel widget widget_sow-image panel-first-child panel-last-child\" data-index=\"16\" ><div\n\t\t\t\n\t\t\tclass=\"so-widget-sow-image so-widget-sow-image-default-c67d20f9f743-2435\"\n\t\t\t\n\t\t>\n<div class=\"sow-image-container\">\n\t\t<img \n\tsrc=\"https:\/\/renaio.de\/wp-content\/uploads\/2024\/08\/Hengster_loesch_kollegen_Logo_NEU.jpg\" width=\"197\" height=\"85\" sizes=\"(max-width: 197px) 100vw, 197px\" alt=\"\" \t\tclass=\"so-widget-image\"\/>\n\t<\/div>\n\n<\/div><\/div><\/div><\/div><\/div><div id=\"pg-2435-8\"  class=\"panel-grid panel-has-style\" ><div class=\"container panel-row-style panel-row-style-for-2435-8\" ><div id=\"pgc-2435-8-0\"  class=\"panel-grid-cell\" ><div id=\"panel-2435-8-0-0\" class=\"so-panel widget widget_sow-editor panel-first-child panel-last-child\" data-index=\"17\" ><div\n\t\t\t\n\t\t\tclass=\"so-widget-sow-editor so-widget-sow-editor-base\"\n\t\t\t\n\t\t>\n<div class=\"siteorigin-widget-tinymce textwidget\">\n\t<hr class=\"ce-div\"\/>\n<\/div>\n<\/div><\/div><\/div><\/div><\/div><div id=\"pg-2435-9\"  class=\"panel-grid panel-has-style\" ><div class=\"container panel-row-style panel-row-style-for-2435-9\" ><div id=\"pgc-2435-9-0\"  class=\"panel-grid-cell\" ><div id=\"panel-2435-9-0-0\" class=\"so-panel widget widget_sow-editor panel-first-child\" data-index=\"18\" ><div\n\t\t\t\n\t\t\tclass=\"so-widget-sow-editor so-widget-sow-editor-base\"\n\t\t\t\n\t\t>\n<div class=\"siteorigin-widget-tinymce textwidget\">\n\t<h2 class=\"text-left\"><strong>Evergy Engineering GmbH<\/strong><\/h2>\n<\/div>\n<\/div><\/div><div id=\"panel-2435-9-0-1\" class=\"so-panel widget widget_sow-editor panel-last-child\" data-index=\"19\" ><div\n\t\t\t\n\t\t\tclass=\"so-widget-sow-editor so-widget-sow-editor-base\"\n\t\t\t\n\t\t>\n<div class=\"siteorigin-widget-tinymce textwidget\">\n\t<p><strong>Evergy Engineering GmbH<\/strong> di Monaco ci supporta nell'area delle ispezioni tecniche. Lavoriamo con successo con questo partner da molti anni. <\/p>\n<p><a class=\"btn btn-default\" href=\"https:\/\/www.evergy.de\/\" target=\"_blank\" rel=\"noopener\"><strong>Al sito web di Evergy<\/strong><\/a><\/p>\n<\/div>\n<\/div><\/div><\/div><div id=\"pgc-2435-9-1\"  class=\"panel-grid-cell\" ><div id=\"panel-2435-9-1-0\" class=\"so-panel widget widget_sow-image panel-first-child panel-last-child\" data-index=\"20\" ><div\n\t\t\t\n\t\t\tclass=\"so-widget-sow-image so-widget-sow-image-default-c67d20f9f743-2435\"\n\t\t\t\n\t\t>\n<div class=\"sow-image-container\">\n\t\t<img \n\tsrc=\"https:\/\/renaio.de\/wp-content\/uploads\/2024\/08\/evergy_klein.png\" width=\"172\" height=\"50\" sizes=\"(max-width: 172px) 100vw, 172px\" alt=\"\" \t\tclass=\"so-widget-image\"\/>\n\t<\/div>\n\n<\/div><\/div><\/div><\/div><\/div><div id=\"pg-2435-10\"  class=\"panel-grid panel-has-style\" ><div class=\"container panel-row-style panel-row-style-for-2435-10\" ><div id=\"pgc-2435-10-0\"  class=\"panel-grid-cell\" ><div id=\"panel-2435-10-0-0\" class=\"so-panel widget widget_sow-editor panel-first-child panel-last-child\" data-index=\"21\" ><div\n\t\t\t\n\t\t\tclass=\"so-widget-sow-editor so-widget-sow-editor-base\"\n\t\t\t\n\t\t>\n<div class=\"siteorigin-widget-tinymce textwidget\">\n\t<hr class=\"ce-div\"\/>\n<\/div>\n<\/div><\/div><\/div><\/div><\/div><div id=\"pg-2435-11\"  class=\"panel-grid panel-has-style\" ><div class=\"container panel-row-style panel-row-style-for-2435-11\" ><div id=\"pgc-2435-11-0\"  class=\"panel-grid-cell\" ><div id=\"panel-2435-11-0-0\" class=\"so-panel widget widget_sow-editor panel-first-child\" data-index=\"22\" ><div\n\t\t\t\n\t\t\tclass=\"so-widget-sow-editor so-widget-sow-editor-base\"\n\t\t\t\n\t\t>\n<div class=\"siteorigin-widget-tinymce textwidget\">\n\t<h2 class=\"text-left\"><strong>RITTERSHAUS Rechtsanw\u00e4lte Partnerschaftsgesellschaft mbB<\/strong><\/h2>\n<\/div>\n<\/div><\/div><div id=\"panel-2435-11-0-1\" class=\"so-panel widget widget_sow-editor panel-last-child\" data-index=\"23\" ><div\n\t\t\t\n\t\t\tclass=\"so-widget-sow-editor so-widget-sow-editor-base\"\n\t\t\t\n\t\t>\n<div class=\"siteorigin-widget-tinymce textwidget\">\n\t<p>Ci avvaliamo dell'assistenza legale dello <strong>studio legale Rittershaus<\/strong> di Monaco di Baviera, che dispone di un'eccellente rete in Germania e in Italia.<\/p>\n<p><a class=\"btn btn-default\" href=\"https:\/\/rittershaus.net\/\" target=\"_blank\" rel=\"noopener\"><strong>Al sito web dello studio legale Rittershaus<\/strong><\/a><\/p>\n<\/div>\n<\/div><\/div><\/div><div id=\"pgc-2435-11-1\"  class=\"panel-grid-cell\" ><div id=\"panel-2435-11-1-0\" class=\"so-panel widget widget_sow-image panel-first-child panel-last-child\" data-index=\"24\" ><div\n\t\t\t\n\t\t\tclass=\"so-widget-sow-image so-widget-sow-image-default-c67d20f9f743-2435\"\n\t\t\t\n\t\t>\n<div class=\"sow-image-container\">\n\t\t<img \n\tsrc=\"https:\/\/renaio.de\/wp-content\/uploads\/2024\/08\/rittershaus_logo_klein.png\" width=\"242\" height=\"50\" sizes=\"(max-width: 242px) 100vw, 242px\" alt=\"\" \t\tclass=\"so-widget-image\"\/>\n\t<\/div>\n\n<\/div><\/div><\/div><\/div><\/div><div id=\"pg-2435-12\"  class=\"panel-grid panel-has-style\" ><div class=\"container panel-row-style panel-row-style-for-2435-12\" ><div id=\"pgc-2435-12-0\"  class=\"panel-grid-cell\" ><div id=\"panel-2435-12-0-0\" class=\"so-panel widget widget_sow-editor panel-first-child panel-last-child\" data-index=\"25\" ><div\n\t\t\t\n\t\t\tclass=\"so-widget-sow-editor so-widget-sow-editor-base\"\n\t\t\t\n\t\t>\n<div class=\"siteorigin-widget-tinymce textwidget\">\n\t<hr class=\"ce-div\"\/>\n<\/div>\n<\/div><\/div><\/div><\/div><\/div><div id=\"pg-2435-13\"  class=\"panel-grid panel-has-style\" ><div class=\"container panel-row-style panel-row-style-for-2435-13\" ><div id=\"pgc-2435-13-0\"  class=\"panel-grid-cell\" ><div id=\"panel-2435-13-0-0\" class=\"so-panel widget widget_sow-editor panel-first-child\" data-index=\"26\" ><div\n\t\t\t\n\t\t\tclass=\"so-widget-sow-editor so-widget-sow-editor-base\"\n\t\t\t\n\t\t>\n<div class=\"siteorigin-widget-tinymce textwidget\">\n\t<h2 class=\"text-left\"><strong>Studio legale RST<\/strong><\/h2>\n<\/div>\n<\/div><\/div><div id=\"panel-2435-13-0-1\" class=\"so-panel widget widget_sow-editor panel-last-child\" data-index=\"27\" ><div\n\t\t\t\n\t\t\tclass=\"so-widget-sow-editor so-widget-sow-editor-base\"\n\t\t\t\n\t\t>\n<div class=\"siteorigin-widget-tinymce textwidget\">\n\t<p>La consulenza commerciale e fiscale in Italia sar\u00e0 fornita dallo <strong>studio legale RST<\/strong>, che ci ha gi\u00e0 supportato in passato nella gestione di diversi progetti nel settore delle centrali idroelettriche.<\/p>\n<p><a class=\"btn btn-default\" href=\"https:\/\/www.rst.bz.it\/de\/home.html\" target=\"_blank\" rel=\"noopener\"><strong>Al sito web dello studio legale RST<\/strong><\/a><\/p>\n<\/div>\n<\/div><\/div><\/div><div id=\"pgc-2435-13-1\"  class=\"panel-grid-cell\" ><div id=\"panel-2435-13-1-0\" class=\"so-panel widget widget_sow-image panel-first-child panel-last-child\" data-index=\"28\" ><div\n\t\t\t\n\t\t\tclass=\"so-widget-sow-image so-widget-sow-image-default-c67d20f9f743-2435\"\n\t\t\t\n\t\t>\n<div class=\"sow-image-container\">\n\t\t<img \n\tsrc=\"https:\/\/renaio.de\/wp-content\/uploads\/2024\/08\/RST_Logo.jpg\" width=\"246\" height=\"96\" sizes=\"(max-width: 246px) 100vw, 246px\" alt=\"\" \t\tclass=\"so-widget-image\"\/>\n\t<\/div>\n\n<\/div><\/div><\/div><\/div><\/div><div id=\"pg-2435-14\"  class=\"panel-grid panel-has-style\" ><div class=\"container panel-row-style panel-row-style-for-2435-14\" ><div id=\"pgc-2435-14-0\"  class=\"panel-grid-cell\" ><div id=\"panel-2435-14-0-0\" class=\"so-panel widget widget_sow-editor panel-first-child panel-last-child\" data-index=\"29\" ><div\n\t\t\t\n\t\t\tclass=\"so-widget-sow-editor so-widget-sow-editor-base\"\n\t\t\t\n\t\t>\n<div class=\"siteorigin-widget-tinymce textwidget\">\n\t<hr class=\"ce-div\"\/>\n<\/div>\n<\/div><\/div><\/div><\/div><\/div><div id=\"pg-2435-15\"  class=\"panel-grid panel-has-style\" ><div class=\"container panel-row-style panel-row-style-for-2435-15\" ><div id=\"pgc-2435-15-0\"  class=\"panel-grid-cell\" ><div id=\"panel-2435-15-0-0\" class=\"so-panel widget widget_sow-editor panel-first-child\" data-index=\"30\" ><div\n\t\t\t\n\t\t\tclass=\"so-widget-sow-editor so-widget-sow-editor-base\"\n\t\t\t\n\t\t>\n<div class=\"siteorigin-widget-tinymce textwidget\">\n\t<h2 class=\"text-left\"><strong>Studio legale Da\u0107k\u00f3w &amp; Chwastyk<\/strong><\/h2>\n<\/div>\n<\/div><\/div><div id=\"panel-2435-15-0-1\" class=\"so-panel widget widget_sow-editor panel-last-child\" data-index=\"31\" ><div\n\t\t\t\n\t\t\tclass=\"so-widget-sow-editor so-widget-sow-editor-base\"\n\t\t\t\n\t\t>\n<div class=\"siteorigin-widget-tinymce textwidget\">\n\t<p>Lo <strong>studio legale Da\u0107k\u00f3w &amp; Chwastyk<\/strong> ci supporta nelle questioni legali in Polonia.<\/p>\n<p><a class=\"btn btn-default\" href=\"http:\/\/www.dclaw.pl\" target=\"_blank\" rel=\"noopener\"><strong>Al sito web di Da\u0107k\u00f3w &amp; Chwastyk<\/strong><\/a><\/p>\n<\/div>\n<\/div><\/div><\/div><div id=\"pgc-2435-15-1\"  class=\"panel-grid-cell\" ><div id=\"panel-2435-15-1-0\" class=\"so-panel widget widget_sow-image panel-first-child panel-last-child\" data-index=\"32\" ><div\n\t\t\t\n\t\t\tclass=\"so-widget-sow-image so-widget-sow-image-default-c67d20f9f743-2435\"\n\t\t\t\n\t\t>\n<div class=\"sow-image-container\">\n\t\t<img \n\tsrc=\"https:\/\/renaio.de\/wp-content\/uploads\/2024\/08\/LOGO-BIG-1-300x106.png\" width=\"198\" height=\"70\" srcset=\"https:\/\/renaio.de\/wp-content\/uploads\/2024\/08\/LOGO-BIG-1-300x106.png 300w, https:\/\/renaio.de\/wp-content\/uploads\/2024\/08\/LOGO-BIG-1-1024x361.png 1024w, https:\/\/renaio.de\/wp-content\/uploads\/2024\/08\/LOGO-BIG-1-768x270.png 768w, https:\/\/renaio.de\/wp-content\/uploads\/2024\/08\/LOGO-BIG-1-1536x541.png 1536w, https:\/\/renaio.de\/wp-content\/uploads\/2024\/08\/LOGO-BIG-1-2048x721.png 2048w\" sizes=\"(max-width: 198px) 100vw, 198px\" alt=\"\" \t\tclass=\"so-widget-image\"\/>\n\t<\/div>\n\n<\/div><\/div><\/div><\/div><\/div><div id=\"pg-2435-16\"  class=\"panel-grid panel-has-style\" ><div class=\"container panel-row-style panel-row-style-for-2435-16\" ><div id=\"pgc-2435-16-0\"  class=\"panel-grid-cell\" ><div id=\"panel-2435-16-0-0\" class=\"so-panel widget widget_sow-editor panel-first-child panel-last-child\" data-index=\"33\" ><div\n\t\t\t\n\t\t\tclass=\"so-widget-sow-editor so-widget-sow-editor-base\"\n\t\t\t\n\t\t>\n<div class=\"siteorigin-widget-tinymce textwidget\">\n\t<hr class=\"ce-div\"\/>\n<\/div>\n<\/div><\/div><\/div><\/div><\/div><div id=\"pg-2435-17\"  class=\"panel-grid panel-has-style\" ><div class=\"container panel-row-style panel-row-style-for-2435-17\" ><div id=\"pgc-2435-17-0\"  class=\"panel-grid-cell\" ><div id=\"panel-2435-17-0-0\" class=\"so-panel widget widget_sow-editor panel-first-child\" data-index=\"34\" ><div\n\t\t\t\n\t\t\tclass=\"so-widget-sow-editor so-widget-sow-editor-base\"\n\t\t\t\n\t\t>\n<div class=\"siteorigin-widget-tinymce textwidget\">\n\t<h2 class=\"text-left\"><strong>ON BALANCE<\/strong><\/h2>\n<\/div>\n<\/div><\/div><div id=\"panel-2435-17-0-1\" class=\"so-panel widget widget_sow-editor panel-last-child\" data-index=\"35\" ><div\n\t\t\t\n\t\t\tclass=\"so-widget-sow-editor so-widget-sow-editor-base\"\n\t\t\t\n\t\t>\n<div class=\"siteorigin-widget-tinymce textwidget\">\n\t<p><strong>ON BALANCE <\/strong> ci fornisce consulenza per questioni economiche e fiscali in Polonia e nell'Europa orientale.<\/p>\n<p>&nbsp;<\/p>\n<\/div>\n<\/div><\/div><\/div><div id=\"pgc-2435-17-1\"  class=\"panel-grid-cell\" ><div id=\"panel-2435-17-1-0\" class=\"so-panel widget widget_sow-image panel-first-child panel-last-child\" data-index=\"36\" ><div\n\t\t\t\n\t\t\tclass=\"so-widget-sow-image so-widget-sow-image-default-c67d20f9f743-2435\"\n\t\t\t\n\t\t>\n<div class=\"sow-image-container\">\n\t\t<img \n\tsrc=\"https:\/\/renaio.de\/wp-content\/uploads\/2024\/08\/on_balance.jpg\" width=\"194\" height=\"47\" sizes=\"(max-width: 194px) 100vw, 194px\" alt=\"\" \t\tclass=\"so-widget-image\"\/>\n\t<\/div>\n\n<\/div><\/div><\/div><\/div><\/div><\/div>","protected":false},"excerpt":{"rendered":"<p>Uniamo le nostre competenze Per garantire la conclusione senza problemi di un contratto per l&#8217;acquisto di una centrale elettrica, \u00e8 necessaria l&#8217;esperienza dei nostri specialisti interni e dei partner esterni. Allg\u00e4uer \u00dcberlandwerk (A\u00dcW) Per assicurare un elevato livello di competenza tecnica e garantire un&#8217;assistenza completa, collaboriamo con Allg\u00e4uer \u00dcberlandwerk (A\u00dcW) per la gestione operativa. Al [&hellip;]<\/p>\n","protected":false},"author":1,"featured_media":1651,"parent":0,"menu_order":0,"comment_status":"closed","ping_status":"closed","template":"","meta":{"inline_featured_image":false,"footnotes":""},"class_list":["post-2435","page","type-page","status-publish","has-post-thumbnail","hentry"],"_links":{"self":[{"href":"https:\/\/renaio.de\/it\/wp-json\/wp\/v2\/pages\/2435","targetHints":{"allow":["GET"]}}],"collection":[{"href":"https:\/\/renaio.de\/it\/wp-json\/wp\/v2\/pages"}],"about":[{"href":"https:\/\/renaio.de\/it\/wp-json\/wp\/v2\/types\/page"}],"author":[{"embeddable":true,"href":"https:\/\/renaio.de\/it\/wp-json\/wp\/v2\/users\/1"}],"replies":[{"embeddable":true,"href":"https:\/\/renaio.de\/it\/wp-json\/wp\/v2\/comments?post=2435"}],"version-history":[{"count":9,"href":"https:\/\/renaio.de\/it\/wp-json\/wp\/v2\/pages\/2435\/revisions"}],"predecessor-version":[{"id":4973,"href":"https:\/\/renaio.de\/it\/wp-json\/wp\/v2\/pages\/2435\/revisions\/4973"}],"wp:featuredmedia":[{"embeddable":true,"href":"https:\/\/renaio.de\/it\/wp-json\/wp\/v2\/media\/1651"}],"wp:attachment":[{"href":"https:\/\/renaio.de\/it\/wp-json\/wp\/v2\/media?parent=2435"}],"curies":[{"name":"wp","href":"https:\/\/api.w.org\/{rel}","templated":true}]}}