{"id":2429,"date":"2024-09-06T10:09:34","date_gmt":"2024-09-06T08:09:34","guid":{"rendered":"http:\/\/o5i.80b.mytemp.website\/turbinenarten\/"},"modified":"2026-02-19T14:47:11","modified_gmt":"2026-02-19T13:47:11","slug":"turbinenarten","status":"publish","type":"page","link":"https:\/\/renaio.de\/it\/turbinenarten\/","title":{"rendered":"Tipi di turbine"},"content":{"rendered":"<div id=\"pl-2429\"  class=\"panel-layout\" ><div id=\"pg-2429-0\"  class=\"panel-grid panel-has-style\" ><div class=\"container panel-row-style panel-row-style-for-2429-0\" ><div id=\"pgc-2429-0-0\"  class=\"panel-grid-cell\" ><div id=\"panel-2429-0-0-0\" class=\"so-panel widget widget_sow-editor panel-first-child\" data-index=\"0\" ><div class=\"w-85 panel-widget-style panel-widget-style-for-2429-0-0-0\" ><div\n\t\t\t\n\t\t\tclass=\"so-widget-sow-editor so-widget-sow-editor-base\"\n\t\t\t\n\t\t>\n<div class=\"siteorigin-widget-tinymce textwidget\">\n\t<h1 class=\"text-center\" style=\"text-align: center;\">Panoramica tecnica delle turbine<\/h1>\n<\/div>\n<\/div><\/div><\/div><div id=\"panel-2429-0-0-1\" class=\"so-panel widget widget_sow-editor\" data-index=\"1\" ><div\n\t\t\t\n\t\t\tclass=\"so-widget-sow-editor so-widget-sow-editor-base\"\n\t\t\t\n\t\t>\n<div class=\"siteorigin-widget-tinymce textwidget\">\n\t<p style=\"text-align: justify;\">Vengono utilizzate turbine diverse a seconda dell'area di applicazione e, di conseguenza, della portata e della prevalenza.<\/p>\n<\/div>\n<\/div><\/div><div id=\"panel-2429-0-0-2\" class=\"so-panel widget widget_sow-image\" data-index=\"2\" ><div\n\t\t\t\n\t\t\tclass=\"so-widget-sow-image so-widget-sow-image-default-c67d20f9f743-2429\"\n\t\t\t\n\t\t>\n<div class=\"sow-image-container\">\n\t\t<img \n\tsrc=\"https:\/\/renaio.de\/wp-content\/uploads\/2025\/03\/Technik_Turbinen_de_en-1.png\" width=\"490\" height=\"381\" srcset=\"https:\/\/renaio.de\/wp-content\/uploads\/2025\/03\/Technik_Turbinen_de_en-1.png 490w, https:\/\/renaio.de\/wp-content\/uploads\/2025\/03\/Technik_Turbinen_de_en-1-300x233.png 300w\" sizes=\"(max-width: 490px) 100vw, 490px\" title=\"Technik_Turbinen_de_en\" alt=\"\" \t\tclass=\"so-widget-image\"\/>\n\t<\/div>\n\n<\/div><\/div><div id=\"panel-2429-0-0-3\" class=\"so-panel widget widget_sow-editor panel-last-child\" data-index=\"3\" ><div\n\t\t\t\n\t\t\tclass=\"so-widget-sow-editor so-widget-sow-editor-base\"\n\t\t\t\n\t\t>\n<div class=\"siteorigin-widget-tinymce textwidget\">\n\t<h5 class=\"text-center\"><em>Rappresentazione sintetica delle turbine in termini di prevalenza e portata<\/em><\/h5>\n<\/div>\n<\/div><\/div><\/div><\/div><\/div><div id=\"pg-2429-1\"  class=\"panel-grid panel-has-style\" ><div class=\"container panel-row-style panel-row-style-for-2429-1\" ><div id=\"pgc-2429-1-0\"  class=\"panel-grid-cell\" ><div id=\"panel-2429-1-0-0\" class=\"so-panel widget widget_sow-editor panel-first-child\" data-index=\"4\" ><div\n\t\t\t\n\t\t\tclass=\"so-widget-sow-editor so-widget-sow-editor-base\"\n\t\t\t\n\t\t>\n<div class=\"siteorigin-widget-tinymce textwidget\">\n\t<h2 class=\"text-center\" style=\"text-align: center;\">Turbina Kaplan<\/h2>\n<\/div>\n<\/div><\/div><div id=\"panel-2429-1-0-1\" class=\"so-panel widget widget_sow-editor panel-last-child\" data-index=\"5\" ><div\n\t\t\t\n\t\t\tclass=\"so-widget-sow-editor so-widget-sow-editor-base\"\n\t\t\t\n\t\t>\n<div class=\"siteorigin-widget-tinymce textwidget\">\n\t<p style=\"text-align: justify;\">Le turbine Kaplan sono utilizzate principalmente nelle centrali elettriche ad acqua fluente con alte portate e basse prevalenze (e quindi basse pressioni). Sono dotate di una girante che assomiglia all'elica di una nave. Le pale della ruota idraulica possono essere regolate. L'acqua scorre sulle ruote della turbina per azionare il generatore. L'unit\u00e0 di coda dirige l'acqua in entrata in modo che colpisca le pale della girante con un angolo ottimale. In questo modo \u00e8 possibile reagire in modo ottimale alle fluttuazioni dell'approvvigionamento idrico.<br \/>Questa turbina \u00e8 utilizzata nelle nostre centrali idroelettriche \"Zompitta\", \"Casotto\", \"Cigli\u00e8\", \"Brzeg\", \"Erbognone I\" ed \"Erbognone II\".     <\/p>\n<\/div>\n<\/div><\/div><\/div><\/div><\/div><div id=\"pg-2429-2\"  class=\"panel-grid panel-has-style\" ><div class=\"container panel-row-style panel-row-style-for-2429-2\" ><div id=\"pgc-2429-2-0\"  class=\"panel-grid-cell\" ><div id=\"panel-2429-2-0-0\" class=\"so-panel widget widget_sow-editor panel-first-child\" data-index=\"6\" ><div\n\t\t\t\n\t\t\tclass=\"so-widget-sow-editor so-widget-sow-editor-base\"\n\t\t\t\n\t\t>\n<div class=\"siteorigin-widget-tinymce textwidget\">\n\t<h2 class=\"text-center\" style=\"text-align: center;\">Turbina a bassissima prevalenza<\/h2>\n<\/div>\n<\/div><\/div><div id=\"panel-2429-2-0-1\" class=\"so-panel widget widget_sow-editor panel-last-child\" data-index=\"7\" ><div\n\t\t\t\n\t\t\tclass=\"so-widget-sow-editor so-widget-sow-editor-base\"\n\t\t\t\n\t\t>\n<div class=\"siteorigin-widget-tinymce textwidget\">\n\t<p style=\"text-align: justify;\">Le turbine a bassissima prevalenza, note anche come turbine VLH, sono caratterizzate da grandi diametri dei canali con basse portate e basse velocit\u00e0 (40-50 giri al minuto). Vengono utilizzate nelle centrali elettriche ad acqua fluente con basse prevalenze. La turbina \u00e8 dotata di un canale Kaplan con 8 pale rotanti. Il canale di scorrimento \u00e8 preceduto da una guida a 18 pale fisse e seguito da un generatore ad accoppiamento diretto e a velocit\u00e0 variabile. La griglia di ingresso \u00e8 integrata nella paletta di guida con un pulitore di schermo. Grazie all'uso dell'idraulica, la turbina pu\u00f2 essere completamente ruotata fuori dall'acqua per la manutenzione o per proteggerla dai detriti galleggianti. La bassa velocit\u00e0 e le grandi dimensioni della turbina la classificano come particolarmente rispettosa per la fauna ittica.<br \/>Questo tipo di turbina \u00e8 utilizzato nella nostra centrale elettrica di \"Ospedaletto\" nel comune di Gemona del Friuli, sul fiume Tagliamento.      <\/p>\n<\/div>\n<\/div><\/div><\/div><\/div><\/div><div id=\"pg-2429-3\"  class=\"panel-grid panel-has-style\" ><div class=\"container panel-row-style panel-row-style-for-2429-3\" ><div id=\"pgc-2429-3-0\"  class=\"panel-grid-cell\" ><div id=\"panel-2429-3-0-0\" class=\"so-panel widget widget_sow-editor panel-first-child\" data-index=\"8\" ><div\n\t\t\t\n\t\t\tclass=\"so-widget-sow-editor so-widget-sow-editor-base\"\n\t\t\t\n\t\t>\n<div class=\"siteorigin-widget-tinymce textwidget\">\n\t<h2 class=\"text-center\" style=\"text-align: center;\">Vite idroelettrica<\/h2>\n<\/div>\n<\/div><\/div><div id=\"panel-2429-3-0-1\" class=\"so-panel widget widget_sow-editor panel-last-child\" data-index=\"9\" ><div\n\t\t\t\n\t\t\tclass=\"so-widget-sow-editor so-widget-sow-editor-base\"\n\t\t\t\n\t\t>\n<div class=\"siteorigin-widget-tinymce textwidget\">\n\t<p style=\"text-align: justify;\">Una coclea idroelettrica, nota anche come turbina a vite, \u00e8 una coclea a pi\u00f9 giri. Azionata dall'acqua in uscita, ruota lentamente (circa 15-30 giri al minuto) intorno al proprio asse. Questo movimento rotatorio viene convertito in energia elettrica. Viene utilizzato nelle centrali idroelettriche con portate e prevalenze ridotte. Grazie alla creazione di \"cuscini d'acqua\", i pesci possono migrare tranquillamente a valle attraverso la turbina. Anche pietre e pezzi di legno possono passare attraverso la coclea senza problemi. Ci\u00f2 rende questa turbina relativamente povera di manutenzione.<br \/>Le nostre centrali idroelettriche di Fornovo, in Emilia-Romagna, sul fiume Taro, e di Cividale, a circa 15 chilometri a nord-est della citt\u00e0 di Udine, sul fiume Natisone, sono dotate di turbine di questo tipo.      <\/p>\n<\/div>\n<\/div><\/div><\/div><\/div><\/div><div id=\"pg-2429-4\"  class=\"panel-grid panel-has-style\" ><div class=\"container panel-row-style panel-row-style-for-2429-4\" ><div id=\"pgc-2429-4-0\"  class=\"panel-grid-cell\" ><div id=\"panel-2429-4-0-0\" class=\"so-panel widget widget_sow-editor panel-first-child\" data-index=\"10\" ><div\n\t\t\t\n\t\t\tclass=\"so-widget-sow-editor so-widget-sow-editor-base\"\n\t\t\t\n\t\t>\n<div class=\"siteorigin-widget-tinymce textwidget\">\n\t<h2 class=\"text-center\" style=\"text-align: center;\">Turbina Francis<\/h2>\n<\/div>\n<\/div><\/div><div id=\"panel-2429-4-0-1\" class=\"so-panel widget widget_sow-editor panel-last-child\" data-index=\"11\" ><div\n\t\t\t\n\t\t\tclass=\"so-widget-sow-editor so-widget-sow-editor-base\"\n\t\t\t\n\t\t>\n<div class=\"siteorigin-widget-tinymce textwidget\">\n\t<p style=\"text-align: justify;\">Le turbine Francis sono installate in presenza di volumi d'acqua medio-alti e prevalenze medie (20 m - 700 m) e raggiungono un'efficienza fino al 90%. La turbina \u00e8 dotata di un canale di scorrimento verso il quale l'acqua viene convogliata attraverso l'alloggiamento a spirale (il tubo di alimentazione a forma di spirale) tramite la ruota di guida fissa e le pale di guida mobili. Le pale mobili permettono di regolare il volume dell'acqua. Nelle centrali elettriche ad accumulo con pompaggio, questa turbina pu\u00f2 essere utilizzata anche come pompa.   <\/p>\n<\/div>\n<\/div><\/div><\/div><\/div><\/div><div id=\"pg-2429-5\"  class=\"panel-grid panel-has-style\" ><div class=\"container panel-row-style panel-row-style-for-2429-5\" ><div id=\"pgc-2429-5-0\"  class=\"panel-grid-cell\" ><div id=\"panel-2429-5-0-0\" class=\"so-panel widget widget_sow-editor panel-first-child\" data-index=\"12\" ><div\n\t\t\t\n\t\t\tclass=\"so-widget-sow-editor so-widget-sow-editor-base\"\n\t\t\t\n\t\t>\n<div class=\"siteorigin-widget-tinymce textwidget\">\n\t<h2 class=\"text-center\" style=\"text-align: center;\">Turbina Pelton<\/h2>\n<\/div>\n<\/div><\/div><div id=\"panel-2429-5-0-1\" class=\"so-panel widget widget_sow-editor panel-last-child\" data-index=\"13\" ><div\n\t\t\t\n\t\t\tclass=\"so-widget-sow-editor so-widget-sow-editor-base\"\n\t\t\t\n\t\t>\n<div class=\"siteorigin-widget-tinymce textwidget\">\n\t<p style=\"text-align: justify;\">Il funzionamento di una turbina Pelton \u00e8 particolarmente economico per alte prevalenze (da 50 a 1.500 metri) e piccoli volumi d'acqua. Il rotore della turbina \u00e8 dotato di pale a forma di coppa. L'acqua viene convogliata attraverso ugelli ad alta pressione sulle pale del canale. La quantit\u00e0 d'acqua pu\u00f2 essere regolata tramite l'ago dell'ugello. La turbina Pelton viene utilizzata soprattutto nelle centrali elettriche ad accumulo.    <\/p>\n<\/div>\n<\/div><\/div><\/div><\/div><\/div><div id=\"pg-2429-6\"  class=\"panel-grid panel-has-style\" ><div class=\"container panel-row-style panel-row-style-for-2429-6\" ><div id=\"pgc-2429-6-0\"  class=\"panel-grid-cell\" ><div id=\"panel-2429-6-0-0\" class=\"so-panel widget widget_sow-editor panel-first-child\" data-index=\"14\" ><div\n\t\t\t\n\t\t\tclass=\"so-widget-sow-editor so-widget-sow-editor-base\"\n\t\t\t\n\t\t>\n<div class=\"siteorigin-widget-tinymce textwidget\">\n\t<h2 class=\"text-center\" style=\"text-align: center;\">Turbina a flusso passante<\/h2>\n<\/div>\n<\/div><\/div><div id=\"panel-2429-6-0-1\" class=\"so-panel widget widget_sow-editor panel-last-child\" data-index=\"15\" ><div\n\t\t\t\n\t\t\tclass=\"so-widget-sow-editor so-widget-sow-editor-base\"\n\t\t\t\n\t\t>\n<div class=\"siteorigin-widget-tinymce textwidget\">\n\t<p style=\"text-align: justify;\">Le turbine a flusso passante, note anche come turbine Ossberger, sono utilizzate per prevalenze comprese tra 2 e 200 metri e per portate medie e fluttuanti. Sono dotate di una girante cilindrica con pale parzialmente cilindriche disposte radialmente. La paletta di guida controlla l'acqua motrice in modo che fluisca attraverso la girante dall'esterno verso l'interno. Dopo aver attraversato l'interno della girante, l'acqua esce nuovamente dal lato opposto. Questo processo permette alla girante di pulirsi automaticamente.    <\/p>\n<\/div>\n<\/div><\/div><\/div><\/div><\/div><\/div>","protected":false},"excerpt":{"rendered":"<p>Panoramica tecnica delle turbine Vengono utilizzate turbine diverse a seconda dell&#8217;area di applicazione e, di conseguenza, della portata e della prevalenza. Rappresentazione sintetica delle turbine in termini di prevalenza e portata Turbina Kaplan Le turbine Kaplan sono utilizzate principalmente nelle centrali elettriche ad acqua fluente con alte portate e basse prevalenze (e quindi basse pressioni). [&hellip;]<\/p>\n","protected":false},"author":1,"featured_media":1876,"parent":0,"menu_order":0,"comment_status":"closed","ping_status":"closed","template":"","meta":{"inline_featured_image":false,"footnotes":""},"class_list":["post-2429","page","type-page","status-publish","has-post-thumbnail","hentry"],"_links":{"self":[{"href":"https:\/\/renaio.de\/it\/wp-json\/wp\/v2\/pages\/2429","targetHints":{"allow":["GET"]}}],"collection":[{"href":"https:\/\/renaio.de\/it\/wp-json\/wp\/v2\/pages"}],"about":[{"href":"https:\/\/renaio.de\/it\/wp-json\/wp\/v2\/types\/page"}],"author":[{"embeddable":true,"href":"https:\/\/renaio.de\/it\/wp-json\/wp\/v2\/users\/1"}],"replies":[{"embeddable":true,"href":"https:\/\/renaio.de\/it\/wp-json\/wp\/v2\/comments?post=2429"}],"version-history":[{"count":1,"href":"https:\/\/renaio.de\/it\/wp-json\/wp\/v2\/pages\/2429\/revisions"}],"predecessor-version":[{"id":2938,"href":"https:\/\/renaio.de\/it\/wp-json\/wp\/v2\/pages\/2429\/revisions\/2938"}],"wp:featuredmedia":[{"embeddable":true,"href":"https:\/\/renaio.de\/it\/wp-json\/wp\/v2\/media\/1876"}],"wp:attachment":[{"href":"https:\/\/renaio.de\/it\/wp-json\/wp\/v2\/media?parent=2429"}],"curies":[{"name":"wp","href":"https:\/\/api.w.org\/{rel}","templated":true}]}}