{"id":2420,"date":"2024-09-06T10:11:36","date_gmt":"2024-09-06T08:11:36","guid":{"rendered":"http:\/\/o5i.80b.mytemp.website\/wasserkraftwerke\/"},"modified":"2026-02-19T14:20:25","modified_gmt":"2026-02-19T13:20:25","slug":"wasserkraftwerke","status":"publish","type":"page","link":"https:\/\/renaio.de\/it\/wasserkraftwerke\/","title":{"rendered":"Centrali idroelettriche"},"content":{"rendered":"<div id=\"pl-2420\"  class=\"panel-layout\" ><div id=\"pg-2420-0\"  class=\"panel-grid panel-has-style\" ><div class=\"container panel-row-style panel-row-style-for-2420-0\" ><div id=\"pgc-2420-0-0\"  class=\"panel-grid-cell\" ><div id=\"panel-2420-0-0-0\" class=\"so-panel widget widget_sow-editor panel-first-child\" data-index=\"0\" ><div class=\"panel-widget-style panel-widget-style-for-2420-0-0-0\" ><div\n\t\t\t\n\t\t\tclass=\"so-widget-sow-editor so-widget-sow-editor-base\"\n\t\t\t\n\t\t>\n<div class=\"siteorigin-widget-tinymce textwidget\">\n\t<h1 class=\"text-center\" style=\"text-align: center;\">Panoramica tecnica delle centrali idroelettriche<\/h1>\n<\/div>\n<\/div><\/div><\/div><div id=\"panel-2420-0-0-1\" class=\"so-panel widget widget_sow-editor panel-last-child\" data-index=\"1\" ><div\n\t\t\t\n\t\t\tclass=\"so-widget-sow-editor so-widget-sow-editor-base\"\n\t\t\t\n\t\t>\n<div class=\"siteorigin-widget-tinymce textwidget\">\n\t<p style=\"text-align: justify;\">Le centrali idroelettriche hanno un'ampia gamma di capacit\u00e0 installate, che vanno da pochi kilowatt a 100 megawatt. Possono essere classificate come segue: Centrali ad acqua fluente, centrali ad accumulo, centrali ad accumulo con pompaggio, centrali a corrente oceanica e centrali ad onde. La scelta della centrale idroelettrica da costruire dipende principalmente dal terreno e dall'area circostante.  <\/p>\n<\/div>\n<\/div><\/div><\/div><\/div><\/div><div id=\"pg-2420-1\"  class=\"panel-grid panel-has-style\" ><div class=\"container panel-row-style panel-row-style-for-2420-1\" ><div id=\"pgc-2420-1-0\"  class=\"panel-grid-cell\" ><div id=\"panel-2420-1-0-0\" class=\"so-panel widget widget_sow-editor panel-first-child\" data-index=\"2\" ><div\n\t\t\t\n\t\t\tclass=\"so-widget-sow-editor so-widget-sow-editor-base\"\n\t\t\t\n\t\t>\n<div class=\"siteorigin-widget-tinymce textwidget\">\n\t<h2 class=\"text-center\" style=\"text-align: center;\">Centrali elettriche ad acqua fluente<\/h2>\n<\/div>\n<\/div><\/div><div id=\"panel-2420-1-0-1\" class=\"so-panel widget widget_sow-editor\" data-index=\"3\" ><div\n\t\t\t\n\t\t\tclass=\"so-widget-sow-editor so-widget-sow-editor-base\"\n\t\t\t\n\t\t>\n<div class=\"siteorigin-widget-tinymce textwidget\">\n\t<p style=\"text-align: justify;\">Le centrali elettriche ad acqua fluente sono costruite su fiumi o canali e sfruttano il loro flusso per generare elettricit\u00e0. Sono caratterizzate da un flusso continuo e da una basso salto (fino a 15 m), con un volume d'acqua pi\u00f9 o meno forte e fluttuante durante tutto l'anno. I sistemi sono spesso costruiti in combinazione con turbine controllabili e depuratori per aumentarne l'efficienza economica. Poich\u00e9 non possono arginare grandi volumi d'acqua e la maggior parte di essi \u00e8 dotata di una scala di risalita per i pesci prescritta dalla legge, Il che li rende ecosostenibili. Nella regione alpina, il 32% di tutte le centrali idroelettriche \u00e8 costituito da impianti di tipo ad acqua fluente.    <\/p>\n<\/div>\n<\/div><\/div><div id=\"panel-2420-1-0-2\" class=\"so-panel widget widget_sow-image\" data-index=\"4\" ><div\n\t\t\t\n\t\t\tclass=\"so-widget-sow-image so-widget-sow-image-default-c67d20f9f743-2420\"\n\t\t\t\n\t\t>\n<div class=\"sow-image-container\">\n\t\t<img \n\tsrc=\"https:\/\/renaio.de\/wp-content\/uploads\/2025\/03\/Wasserkraftanlage_de_en.png\" width=\"693\" height=\"304\" srcset=\"https:\/\/renaio.de\/wp-content\/uploads\/2025\/03\/Wasserkraftanlage_de_en.png 693w, https:\/\/renaio.de\/wp-content\/uploads\/2025\/03\/Wasserkraftanlage_de_en-300x132.png 300w\" sizes=\"(max-width: 693px) 100vw, 693px\" alt=\"\" \t\tclass=\"so-widget-image\"\/>\n\t<\/div>\n\n<\/div><\/div><div id=\"panel-2420-1-0-3\" class=\"so-panel widget widget_sow-editor\" data-index=\"5\" ><div\n\t\t\t\n\t\t\tclass=\"so-widget-sow-editor so-widget-sow-editor-base\"\n\t\t\t\n\t\t>\n<div class=\"siteorigin-widget-tinymce textwidget\">\n\t<h5 class=\"text-center\" style=\"text-align: center;\"><em>Costruzione di una centrale elettrica a flusso continuo<\/em><\/h5>\n<\/div>\n<\/div><\/div><div id=\"panel-2420-1-0-4\" class=\"so-panel widget widget_sow-editor panel-last-child\" data-index=\"6\" ><div\n\t\t\t\n\t\t\tclass=\"so-widget-sow-editor so-widget-sow-editor-base\"\n\t\t\t\n\t\t>\n<div class=\"siteorigin-widget-tinymce textwidget\">\n\t<h5 class=\"text-center\" style=\"text-align: center;\"><em>Fonte: \"Preparazione e monitoraggio di una relazione sullo stato di avanzamento dei lavori in conformit\u00e0 con la Sezione 97 della Legge sulle Fonti di Energia Rinnovabile\". Sottoprogetto II d: Energia idroelettrica. Lavoro intermedio\", Fichtner Water &amp; Transportation GmbH, maggio 2018.<\/em><\/h5>\n<\/div>\n<\/div><\/div><\/div><\/div><\/div><div id=\"pg-2420-2\"  class=\"panel-grid panel-has-style\" ><div class=\"container panel-row-style panel-row-style-for-2420-2\" ><div id=\"pgc-2420-2-0\"  class=\"panel-grid-cell\" ><div id=\"panel-2420-2-0-0\" class=\"so-panel widget widget_sow-editor panel-first-child\" data-index=\"7\" ><div\n\t\t\t\n\t\t\tclass=\"so-widget-sow-editor so-widget-sow-editor-base\"\n\t\t\t\n\t\t>\n<div class=\"siteorigin-widget-tinymce textwidget\">\n\t<h2 class=\"text-center\" style=\"text-align: center;\">Centrali elettriche ad accumulo<\/h2>\n<\/div>\n<\/div><\/div><div id=\"panel-2420-2-0-1\" class=\"so-panel widget widget_sow-editor\" data-index=\"8\" ><div\n\t\t\t\n\t\t\tclass=\"so-widget-sow-editor so-widget-sow-editor-base\"\n\t\t\t\n\t\t>\n<div class=\"siteorigin-widget-tinymce textwidget\">\n\t<p style=\"text-align: justify;\">Le centrali ad accumulo con afflusso naturale sfruttano l'elevata pendenza e la capacit\u00e0 di accumulo delle dighe. Le turbine di queste centrali sono situate ai piedi della diga. Il numero di centrali di questo tipo nella regione alpina \u00e8 pari al 38% di tutti gli impianti. Si pu\u00f2 fare una distinzione tra centrali a media pressione (prevalenza: &lt; 50m) e centrali ad alta pressione (prevalenza: &gt; 50m).   <\/p>\n<\/div>\n<\/div><\/div><div id=\"panel-2420-2-0-2\" class=\"so-panel widget widget_sow-image\" data-index=\"9\" ><div\n\t\t\t\n\t\t\tclass=\"so-widget-sow-image so-widget-sow-image-default-c67d20f9f743-2420\"\n\t\t\t\n\t\t>\n<div class=\"sow-image-container\">\n\t\t<img \n\tsrc=\"https:\/\/renaio.de\/wp-content\/uploads\/2025\/03\/Mitteldruckanlage_de_en.png\" width=\"525\" height=\"263\" srcset=\"https:\/\/renaio.de\/wp-content\/uploads\/2025\/03\/Mitteldruckanlage_de_en.png 525w, https:\/\/renaio.de\/wp-content\/uploads\/2025\/03\/Mitteldruckanlage_de_en-300x150.png 300w\" sizes=\"(max-width: 525px) 100vw, 525px\" alt=\"\" \t\tclass=\"so-widget-image\"\/>\n\t<\/div>\n\n<\/div><\/div><div id=\"panel-2420-2-0-3\" class=\"so-panel widget widget_sow-editor panel-last-child\" data-index=\"10\" ><div\n\t\t\t\n\t\t\tclass=\"so-widget-sow-editor so-widget-sow-editor-base\"\n\t\t\t\n\t\t>\n<div class=\"siteorigin-widget-tinymce textwidget\">\n\t<h5 class=\"text-center\" style=\"text-align: center;\"><em>Costruzione di una centrale elettrica ad accumulo<\/em><\/h5>\n<\/div>\n<\/div><\/div><\/div><\/div><\/div><div id=\"pg-2420-3\"  class=\"panel-grid panel-has-style\" ><div class=\"container panel-row-style panel-row-style-for-2420-3\" ><div id=\"pgc-2420-3-0\"  class=\"panel-grid-cell\" ><div id=\"panel-2420-3-0-0\" class=\"so-panel widget widget_sow-editor panel-first-child\" data-index=\"11\" ><div\n\t\t\t\n\t\t\tclass=\"so-widget-sow-editor so-widget-sow-editor-base\"\n\t\t\t\n\t\t>\n<div class=\"siteorigin-widget-tinymce textwidget\">\n\t<h2 class=\"text-center\" style=\"text-align: center;\">Centrali elettriche ad accumulo con pompaggio<\/h2>\n<\/div>\n<\/div><\/div><div id=\"panel-2420-3-0-1\" class=\"so-panel widget widget_sow-editor\" data-index=\"12\" ><div\n\t\t\t\n\t\t\tclass=\"so-widget-sow-editor so-widget-sow-editor-base\"\n\t\t\t\n\t\t>\n<div class=\"siteorigin-widget-tinymce textwidget\">\n\t<p style=\"text-align: justify;\">Le centrali elettriche a pompaggio sfruttano l'elevata pendenza e la capacit\u00e0 di accumulo dei laghi. Non vengono utilizzate solo per generare energia, ma anche per immagazzinarla. Se c'\u00e8 un eccesso di energia elettrica, l'acqua viene pompata a un livello geodetico pi\u00f9 alto e l\u00ec immagazzinata. Se l'elettricit\u00e0 \u00e8 necessaria per la rete, l'acqua pu\u00f2 essere immessa nella turbina. Con queste centrali, solo la percentuale di elettricit\u00e0 generata dal loro afflusso naturale pu\u00f2 essere considerata sostenibile e rinnovabile. Questi impianti rappresentano il 29% di tutte le centrali idroelettriche della regione alpina.     <\/p>\n<\/div>\n<\/div><\/div><div id=\"panel-2420-3-0-2\" class=\"so-panel widget widget_sow-image\" data-index=\"13\" ><div\n\t\t\t\n\t\t\tclass=\"so-widget-sow-image so-widget-sow-image-default-c67d20f9f743-2420\"\n\t\t\t\n\t\t>\n<div class=\"sow-image-container\">\n\t\t<img \n\tsrc=\"https:\/\/renaio.de\/wp-content\/uploads\/2025\/03\/Pumpspeicher_de_en.png\" width=\"600\" height=\"357\" srcset=\"https:\/\/renaio.de\/wp-content\/uploads\/2025\/03\/Pumpspeicher_de_en.png 767w, https:\/\/renaio.de\/wp-content\/uploads\/2025\/03\/Pumpspeicher_de_en-300x178.png 300w\" sizes=\"(max-width: 600px) 100vw, 600px\" alt=\"\" \t\tclass=\"so-widget-image\"\/>\n\t<\/div>\n\n<\/div><\/div><div id=\"panel-2420-3-0-3\" class=\"so-panel widget widget_sow-editor panel-last-child\" data-index=\"14\" ><div\n\t\t\t\n\t\t\tclass=\"so-widget-sow-editor so-widget-sow-editor-base\"\n\t\t\t\n\t\t>\n<div class=\"siteorigin-widget-tinymce textwidget\">\n\t<h5 class=\"text-center\" style=\"text-align: center;\"><em>Costruzione di una centrale elettrica ad accumulo con pompaggio<\/em><\/h5>\n<\/div>\n<\/div><\/div><\/div><\/div><\/div><\/div>","protected":false},"excerpt":{"rendered":"<p>Panoramica tecnica delle centrali idroelettriche Le centrali idroelettriche hanno un&#8217;ampia gamma di capacit\u00e0 installate, che vanno da pochi kilowatt a 100 megawatt. Possono essere classificate come segue: Centrali ad acqua fluente, centrali ad accumulo, centrali ad accumulo con pompaggio, centrali a corrente oceanica e centrali ad onde. La scelta della centrale idroelettrica da costruire dipende [&hellip;]<\/p>\n","protected":false},"author":1,"featured_media":5538,"parent":0,"menu_order":0,"comment_status":"closed","ping_status":"closed","template":"","meta":{"inline_featured_image":false,"footnotes":""},"class_list":["post-2420","page","type-page","status-publish","has-post-thumbnail","hentry"],"_links":{"self":[{"href":"https:\/\/renaio.de\/it\/wp-json\/wp\/v2\/pages\/2420","targetHints":{"allow":["GET"]}}],"collection":[{"href":"https:\/\/renaio.de\/it\/wp-json\/wp\/v2\/pages"}],"about":[{"href":"https:\/\/renaio.de\/it\/wp-json\/wp\/v2\/types\/page"}],"author":[{"embeddable":true,"href":"https:\/\/renaio.de\/it\/wp-json\/wp\/v2\/users\/1"}],"replies":[{"embeddable":true,"href":"https:\/\/renaio.de\/it\/wp-json\/wp\/v2\/comments?post=2420"}],"version-history":[{"count":1,"href":"https:\/\/renaio.de\/it\/wp-json\/wp\/v2\/pages\/2420\/revisions"}],"predecessor-version":[{"id":4047,"href":"https:\/\/renaio.de\/it\/wp-json\/wp\/v2\/pages\/2420\/revisions\/4047"}],"wp:featuredmedia":[{"embeddable":true,"href":"https:\/\/renaio.de\/it\/wp-json\/wp\/v2\/media\/5538"}],"wp:attachment":[{"href":"https:\/\/renaio.de\/it\/wp-json\/wp\/v2\/media?parent=2420"}],"curies":[{"name":"wp","href":"https:\/\/api.w.org\/{rel}","templated":true}]}}