{"id":2405,"date":"2024-09-06T10:34:01","date_gmt":"2024-09-06T08:34:01","guid":{"rendered":"http:\/\/o5i.80b.mytemp.website\/impressum\/"},"modified":"2025-03-03T15:31:10","modified_gmt":"2025-03-03T14:31:10","slug":"impressum","status":"publish","type":"page","link":"https:\/\/renaio.de\/it\/impressum\/","title":{"rendered":"Impronta"},"content":{"rendered":"<div id=\"pl-2405\"  class=\"panel-layout\" ><div id=\"pg-2405-0\"  class=\"panel-grid panel-has-style\" ><div class=\"container panel-row-style panel-row-style-for-2405-0\" ><div id=\"pgc-2405-0-0\"  class=\"panel-grid-cell\" ><div id=\"panel-2405-0-0-0\" class=\"so-panel widget widget_sow-editor panel-first-child\" data-index=\"0\" ><div\n\t\t\t\n\t\t\tclass=\"so-widget-sow-editor so-widget-sow-editor-base\"\n\t\t\t\n\t\t>\n<div class=\"siteorigin-widget-tinymce textwidget\">\n\t<p><strong>RENAIO Assets GmbH<\/strong><br \/>G\u00f6gginger Strasse 105A<br \/>86199 Augsburg<br \/>Germania<\/p>\n<p>Telefono +49 821 899 845 90<br \/><a href=\"mailto:info@renaio.de\">info@renaio.de<\/a><\/p>\n<p>Amministratori delegati: Andreas Grassl e Oliver Platsch<br \/>La societ\u00e0 ha sede ad Augsburg<br \/>Tribunale di Augsburg, HRB 33496<br \/>Numero di identificazione dell'imposta sulle vendite: DE 323054044<\/p>\n<p><strong>Intermediario finanziario ai sensi della Sezione 34f (1) frase 1 GewO<\/strong><br \/>Autorit\u00e0 di vigilanza: IHK M\u00fcnchen und Oberbayern, Max-Joseph-Str. 2, 80333 Monaco<br \/>Numero di registrazione: D-F-155-VI43-38 <br \/><a href=\"https:\/\/www.vermittlerregister.info\">Registro degli intermediari<\/a><\/p>\n<\/div>\n<\/div><\/div><div id=\"panel-2405-0-0-1\" class=\"so-panel widget widget_sow-editor\" data-index=\"1\" ><div class=\"frame-small-text panel-widget-style panel-widget-style-for-2405-0-0-1\" ><div\n\t\t\t\n\t\t\tclass=\"so-widget-sow-editor so-widget-sow-editor-base\"\n\t\t\t\n\t\t>\n<div class=\"siteorigin-widget-tinymce textwidget\">\n\t<p><strong>RENAIO Capital GmbH<\/strong><br \/>G\u00f6gginger Strasse 105A<br \/>86199 Augsburg<br \/>Germania<\/p>\n<p>Telefono +49 821 899 845 90<br \/><a href=\"mailto:info@renaio.de\">info@renaio.de<\/a><\/p>\n<p>Amministratore delegato: Andreas Grassl<br \/>La societ\u00e0 ha sede ad Augsburg<br \/>Tribunale locale di Augsburg, HRB 34780<br \/>Numero di identificazione fiscale delle vendite: DE308822015<\/p>\n<p><strong>Mediazione di investimenti finanziari \u00a734 f Abs. 1 S. 1 GewO <\/strong><br \/>Autorit\u00e0 di vigilanza: IHK Monaco e Alta Baviera<br \/>Numero di registrazione: D-F-125-5KQB-89<br \/><a href=\"https:\/\/www.vermittlerregister.info\">Registro degli intermediari<\/a><\/p>\n<p><strong>Intermediazione di prestiti \u00a734c GewO<\/strong><br \/>Autorit\u00e0 di vigilanza: IHK Monaco e Alta Baviera<\/p>\n<\/div>\n<\/div><\/div><\/div><div id=\"panel-2405-0-0-2\" class=\"so-panel widget widget_siteorigin-panels-builder\" data-index=\"2\" ><div id=\"pl-w67ac7308ca37d\"  class=\"panel-layout\" ><div id=\"pg-w67ac7308ca37d-0\"  class=\"panel-grid panel-no-style\" ><div id=\"pgc-w67ac7308ca37d-0-0\"  class=\"panel-grid-cell\" ><div id=\"panel-w67ac7308ca37d-0-0-0\" class=\"so-panel widget widget_sow-editor panel-first-child panel-last-child\" data-index=\"0\" ><div\n\t\t\t\n\t\t\tclass=\"so-widget-sow-editor so-widget-sow-editor-base\"\n\t\t\t\n\t\t>\n<div class=\"siteorigin-widget-tinymce textwidget\">\n\t<p><strong>RENAIO Assets GmbH<\/strong><br \/>G\u00f6gginger Strasse 105A<br \/>86199 Augsburg<br \/>Germania<\/p>\n<p>Telefono +49 821 899 845 90<br \/><a href=\"mailto:info@renaio.de\">info@renaio.de<\/a><\/p>\n<p>Amministratori delegati: Andreas Grassl e Oliver Platsch<br \/>La societ\u00e0 ha sede ad Augsburg<br \/>Tribunale di Augsburg, HRB 33496<br \/>Numero di identificazione dell'imposta sulle vendite: DE 323054044<\/p>\n<p><strong>Intermediario finanziario ai sensi della Sezione 34f (1) frase 1 GewO<\/strong><br \/>Autorit\u00e0 di vigilanza: IHK M\u00fcnchen und Oberbayern, Max-Joseph-Str. 2, 80333 Monaco<br \/>Numero di registrazione: D-F-155-VI43-38 <br \/><a href=\"https:\/\/www.vermittlerregister.info\">Registro degli intermediari<\/a><\/p>\n<\/div>\n<\/div><\/div><\/div><div id=\"pgc-w67ac7308ca37d-0-1\"  class=\"panel-grid-cell\" ><div id=\"panel-w67ac7308ca37d-0-1-0\" class=\"so-panel widget widget_sow-editor panel-first-child panel-last-child\" data-index=\"1\" ><div\n\t\t\t\n\t\t\tclass=\"so-widget-sow-editor so-widget-sow-editor-base\"\n\t\t\t\n\t\t>\n<div class=\"siteorigin-widget-tinymce textwidget\">\n\t<p><strong>RENAIO Capital GmbH<\/strong><br \/>G\u00f6gginger Strasse 105A<br \/>86199 Augsburg<br \/>Germania<\/p>\n<p>Telefono +49 821 899 845 90<br \/><a href=\"mailto:info@renaio.de\">info@renaio.de<\/a><\/p>\n<p>Amministratore delegato: Andreas Grassl<br \/>La societ\u00e0 ha sede ad Augsburg<br \/>Tribunale locale di Augsburg, HRB 34780<br \/>Numero di identificazione fiscale delle vendite: DE308822015<\/p>\n<p><strong>Mediazione di investimenti finanziari \u00a734 f Abs. 1 S. 1 GewO <\/strong><br \/>Autorit\u00e0 di vigilanza: IHK Monaco e Alta Baviera<br \/>Numero di registrazione: D-F-125-5KQB-89<br \/><a href=\"https:\/\/www.vermittlerregister.info\">Registro degli intermediari<\/a><\/p>\n<p><strong>Intermediazione di prestiti \u00a734c GewO<\/strong><br \/>Autorit\u00e0 di vigilanza: IHK Monaco e Alta Baviera<\/p>\n<\/div>\n<\/div><\/div><\/div><\/div><\/div><\/div><div id=\"panel-2405-0-0-3\" class=\"so-panel widget widget_sow-editor panel-last-child\" data-index=\"3\" ><div class=\"frame-small-text  panel-widget-style panel-widget-style-for-2405-0-0-3\" ><div\n\t\t\t\n\t\t\tclass=\"so-widget-sow-editor so-widget-sow-editor-base\"\n\t\t\t\n\t\t>\n<div class=\"siteorigin-widget-tinymce textwidget\">\n\t<p>Responsabile del contenuto ai sensi del \u00a7 55 RStV: Christian Maria Heimann (indirizzo come sopra)<\/p>\n<p>Crediti immagine: RENAIO Assets GmbH e RENAIO Capital GmbH,<em> fotolia.com (Copyright \u00a9), shutterstock.com (Copyright \u00a9), unsplash.com (Copyright \u00a9), Ingenieurb\u00fcro Floecksm\u00fchle GmbH 2018, Voith GmbH &amp; Co. KGaA, Evergy Engineering GmbH, Landeskraftwerke Bayern, KSB SE &amp; Co. KGaA<\/em><\/p>\n<p>RENAIO Assets GmbH \u00e8 supportata nel settore della comunicazione aziendale e del marketing dall'agenzia di comunicazione <a href=\"http:\/\/www.creationell.de\">creationell GmbH &amp; Co. KG<\/a> di Augsburg.<\/p>\n<p>*) Le informazioni contenute in questa nota legale si applicano anche a tutti i profili social media di RENAIO Assets GmbH e RENAIO Capital GmbH, ad esempio su: XING, Facebook, Linked In, Twitter, YouTube, Google+, Instagram, Pinterest ecc.<\/p>\n<p><em>La Commissione europea mette a disposizione una piattaforma di risoluzione delle controversie online all'indirizzo https:\/\/ec.europa.eu\/consumers\/odr\/, che i consumatori possono utilizzare per risolvere una controversia e dove \u00e8 possibile trovare ulteriori informazioni sulla risoluzione delle controversie.<br \/>Non siamo obbligati n\u00e9 disposti a partecipare a una procedura di risoluzione delle controversie davanti a un collegio arbitrale dei consumatori in caso di controversia con un consumatore.<\/em><br \/>__________<\/p>\n<p><em><strong>Informazioni legali \/ Disclaimer<\/strong><\/em><\/p>\n<h3>1. limitazione di responsabilit\u00e0<\/h3>\n<p><strong>Contenuti di questo sito web<\/strong><br \/>I contenuti di questo sito web sono stati redatti con la massima cura possibile. Tuttavia, il fornitore non si assume alcuna responsabilit\u00e0 per l'accuratezza, la completezza e l'attualit\u00e0 dei contenuti forniti. L'utilizzo dei contenuti del sito web \u00e8 a rischio e pericolo dell'utente. I contributi contrassegnati da un nome riflettono l'opinione del rispettivo autore e non sempre l'opinione del provider.   <\/p>\n<p><strong>Disponibilit\u00e0 del sito<\/strong><br \/>Il fornitore si impegna a offrire il servizio di recupero con il minor numero possibile di interruzioni. Tuttavia, anche con la dovuta attenzione, non si possono escludere tempi di inattivit\u00e0. Il fornitore si riserva il diritto di modificare o interrompere il servizio in qualsiasi momento.  <\/p>\n<p><strong>Link esterni<\/strong><br \/>Questo sito web contiene link a siti web di terzi (\"link esterni\"). Questi siti web sono soggetti alla responsabilit\u00e0 dei rispettivi operatori. Quando i link esterni sono stati creati per la prima volta, il fornitore ha verificato che i contenuti di terze parti non presentassero violazioni legali. In quel momento non sono state riscontrate violazioni legali. Il fornitore non ha alcuna influenza sul design e sui contenuti attuali e futuri delle pagine collegate. L'inclusione di link esterni non significa che l'offerente adotti il contenuto dietro il riferimento o il link come proprio. Non \u00e8 ragionevole per il fornitore monitorare costantemente questi link esterni senza prove concrete di violazioni legali. Tuttavia, tali link esterni saranno cancellati immediatamente nel caso in cui venissimo a conoscenza di violazioni legali.       <\/p>\n<p><strong>Nessun rapporto contrattuale<\/strong><br \/>L'utilizzo del sito web del fornitore non crea alcun rapporto contrattuale tra l'utente e il fornitore. A questo proposito, non esistono rivendicazioni contrattuali o quasi-contrattuali nei confronti del fornitore. <\/p>\n<h3>2. copyright<\/h3>\n<p>Il copyright, i diritti d'uso e i diritti d'autore sono detenuti in tutto o in parte da RENAIO Assets GmbH. I contenuti pubblicati su questo sito web sono soggetti alla legge tedesca sul copyright. Qualsiasi utilizzo non autorizzato dalla legge tedesca sul copyright richiede il previo consenso scritto del fornitore o del rispettivo titolare dei diritti. Ci\u00f2 vale in particolare per la duplicazione, la modifica, la traduzione, l'archiviazione, l'elaborazione o la riproduzione di contenuti in database o altri supporti e sistemi elettronici. I contenuti e i diritti di terzi sono contrassegnati come tali. La riproduzione o la distribuzione non autorizzata di singoli contenuti o di pagine complete non \u00e8 consentita ed \u00e8 punibile per legge. \u00c8 consentita solo la produzione di copie e download per uso personale, privato e non commerciale.      <\/p>\n<p>I link al sito web del provider sono ben accetti in qualsiasi momento e non richiedono il consenso del provider. La visualizzazione di questo sito web in frame esterni \u00e8 consentita solo previa autorizzazione. <\/p>\n<h3>3. protezione dei dati<\/h3>\n<p>Consulta l'<a href=\"https:\/\/o5i.80b.mytemp.website\/datenschutz\/\">informativa sulla privacy.<\/a><\/p>\n<h3>4. plug-in per i social media<\/h3>\n<p>Utilizziamo i social plug-in dei social network sul nostro sito web sulla base dell'art. 6 comma 1 frase 1 lit. f GDPR al fine di pubblicizzare la nostra azienda. Lo scopo pubblicitario sottostante \u00e8 da considerarsi un interesse legittimo ai sensi del GDPR. La responsabilit\u00e0 del funzionamento conforme alla protezione dei dati deve essere garantita dal rispettivo fornitore. Integriamo questi plug-in utilizzando il cosiddetto metodo dei due clic per proteggere al meglio i visitatori del nostro sito web.     <\/p>\n<p>a) LinkedIn<br \/>Il nostro sito web utilizza le funzioni della rete LinkedIn. Il fornitore \u00e8 LinkedIn Corporation, 2029 Stierlin Court, Mountain View, CA 94043, USA. Ogni volta che si accede a una delle nostre pagine contenenti funzioni di LinkedIn, viene stabilita una connessione ai server di LinkedIn. LinkedIn viene informato che hai visitato il nostro sito web con il tuo indirizzo IP. Se fai clic sul pulsante \"Consiglia\" di LinkedIn e hai effettuato l'accesso al tuo account LinkedIn, LinkedIn \u00e8 in grado di associare la tua visita al nostro sito web a te e al tuo account utente. Desideriamo sottolineare che, in qualit\u00e0 di fornitore delle pagine, non siamo a conoscenza del contenuto dei dati trasmessi n\u00e9 del loro utilizzo da parte di LinkedIn.     <\/p>\n<p>Ulteriori informazioni al riguardo sono disponibili nell'informativa sulla privacy di LinkedIn all'indirizzo: <a href=\"https:\/\/www.linkedin.com\/legal\/privacy-policy.\" target=\"_blank\" rel=\"noopener\">https:\/\/www.linkedin.com\/legal\/privacy-policy.<\/a><\/p>\n<p>b) Xing<br \/>Il nostro sito web utilizza le funzioni della rete XING. Il fornitore \u00e8 XING AG, Dammtorstra\u00dfe 29-32, 20354 Amburgo, Germania. Ogni volta che si accede a una delle nostre pagine contenenti funzioni Xing, viene stabilita una connessione ai server Xing. Per quanto ne sappiamo, non vengono memorizzati dati personali in questo processo. In particolare, non vengono memorizzati indirizzi IP e non viene valutato il comportamento di utilizzo.    <\/p>\n<p>Ulteriori informazioni sulla protezione dei dati e sul pulsante Condividi di Xing sono disponibili nell'informativa sulla privacy di Xing all'indirizzo <a href=\"https:\/\/www.xing.com\/app\/share?op=data_protection.\" target=\"_blank\" rel=\"noopener\">https:\/\/www.xing.com\/app\/share?op=data_protection.<\/a><\/p>\n<h3>5 Legge applicabile<\/h3>\n<p>Si applica esclusivamente la legge della Repubblica Federale di Germania.<\/p>\n<h3>6. condizioni speciali di utilizzo<\/h3>\n<p>Nel caso in cui le condizioni speciali per i singoli utilizzi di questo sito web si discostino dai numeri da 1 a 4 sopra citati, ci\u00f2 sar\u00e0 espressamente indicato nel punto appropriato. In questo caso, le condizioni speciali di utilizzo si applicano in ogni singolo caso. <\/p>\n<p>__________<\/p>\n<p>Con la presente si vieta espressamente l'utilizzo dei dati di contatto pubblicati nell'ambito dell'obbligo di imprinting da parte di terzi per l'invio di materiale pubblicitario e informativo non richiesto. Gli operatori di questo sito web si riservano espressamente il diritto di intraprendere azioni legali in caso di invio non richiesto di informazioni pubblicitarie, come ad esempio e-mail di spam. <\/p>\n<\/div>\n<\/div><\/div><\/div><\/div><\/div><\/div><\/div>","protected":false},"excerpt":{"rendered":"<p>RENAIO Assets GmbHG\u00f6gginger Strasse 105A86199 AugsburgGermania Telefono +49 821 899 845 90info@renaio.de Amministratori delegati: Andreas Grassl e Oliver PlatschLa societ\u00e0 ha sede ad AugsburgTribunale di Augsburg, HRB 33496Numero di identificazione dell&#8217;imposta sulle vendite: DE 323054044 Intermediario finanziario ai sensi della Sezione 34f (1) frase 1 GewOAutorit\u00e0 di vigilanza: IHK M\u00fcnchen und Oberbayern, Max-Joseph-Str. 2, 80333 [&hellip;]<\/p>\n","protected":false},"author":1,"featured_media":1927,"parent":0,"menu_order":0,"comment_status":"closed","ping_status":"closed","template":"","meta":{"inline_featured_image":false,"footnotes":""},"class_list":["post-2405","page","type-page","status-publish","has-post-thumbnail","hentry"],"_links":{"self":[{"href":"https:\/\/renaio.de\/it\/wp-json\/wp\/v2\/pages\/2405","targetHints":{"allow":["GET"]}}],"collection":[{"href":"https:\/\/renaio.de\/it\/wp-json\/wp\/v2\/pages"}],"about":[{"href":"https:\/\/renaio.de\/it\/wp-json\/wp\/v2\/types\/page"}],"author":[{"embeddable":true,"href":"https:\/\/renaio.de\/it\/wp-json\/wp\/v2\/users\/1"}],"replies":[{"embeddable":true,"href":"https:\/\/renaio.de\/it\/wp-json\/wp\/v2\/comments?post=2405"}],"version-history":[{"count":11,"href":"https:\/\/renaio.de\/it\/wp-json\/wp\/v2\/pages\/2405\/revisions"}],"predecessor-version":[{"id":3989,"href":"https:\/\/renaio.de\/it\/wp-json\/wp\/v2\/pages\/2405\/revisions\/3989"}],"wp:featuredmedia":[{"embeddable":true,"href":"https:\/\/renaio.de\/it\/wp-json\/wp\/v2\/media\/1927"}],"wp:attachment":[{"href":"https:\/\/renaio.de\/it\/wp-json\/wp\/v2\/media?parent=2405"}],"curies":[{"name":"wp","href":"https:\/\/api.w.org\/{rel}","templated":true}]}}