{"id":2387,"date":"2024-09-06T10:40:21","date_gmt":"2024-09-06T08:40:21","guid":{"rendered":"http:\/\/o5i.80b.mytemp.website\/market\/"},"modified":"2026-02-19T14:12:15","modified_gmt":"2026-02-19T13:12:15","slug":"market","status":"publish","type":"page","link":"https:\/\/renaio.de\/it\/mercato\/","title":{"rendered":"Mercato"},"content":{"rendered":"<div id=\"pl-2387\"  class=\"panel-layout\" ><div id=\"pg-2387-0\"  class=\"panel-grid panel-has-style\" ><div class=\"container panel-row-style panel-row-style-for-2387-0\" ><div id=\"pgc-2387-0-0\"  class=\"panel-grid-cell\" ><div id=\"panel-2387-0-0-0\" class=\"so-panel widget widget_sow-editor panel-first-child\" data-index=\"0\" ><div class=\"panel-widget-style panel-widget-style-for-2387-0-0-0\" ><div\n\t\t\t\n\t\t\tclass=\"so-widget-sow-editor so-widget-sow-editor-base\"\n\t\t\t\n\t\t>\n<div class=\"siteorigin-widget-tinymce textwidget\">\n\t<h1 class=\"text-center\" style=\"text-align: center;\">Panoramica del mercato in Europa<\/h1>\n<\/div>\n<\/div><\/div><\/div><div id=\"panel-2387-0-0-1\" class=\"so-panel widget widget_sow-editor\" data-index=\"1\" ><div\n\t\t\t\n\t\t\tclass=\"so-widget-sow-editor so-widget-sow-editor-base\"\n\t\t\t\n\t\t>\n<div class=\"siteorigin-widget-tinymce textwidget\">\n\t<p style=\"text-align: justify;\">Gi\u00e0 in epoca preindustriale l'energia idroelettrica veniva utilizzata per azionare mulini, segherie e mulini a martelli. Le prime centrali idroelettriche furono costruite e messe in funzione alla fine del XIX secolo. Oggi l'energia idroelettrica come fonte energetica presenta molti vantaggi.  <\/p>\n<\/div>\n<\/div><\/div><div id=\"panel-2387-0-0-2\" class=\"so-panel widget widget_sow-editor\" data-index=\"2\" ><div\n\t\t\t\n\t\t\tclass=\"so-widget-sow-editor so-widget-sow-editor-base\"\n\t\t\t\n\t\t>\n<div class=\"siteorigin-widget-tinymce textwidget\">\n\t<ul class=\"ce-bullets\">\n<li>La tecnologia \u00e8 collaudata e matura, estremamente durevole e soggetta a lunghi periodi di ammortamento.<\/li>\n<li>I costi di investimento relativamente elevati sono compensati dalla lunga durata e dai costi di esercizio favorevoli.<\/li>\n<li>I lunghi intervalli di ammodernamento e i bassi investimenti successivi portano a costi del ciclo di vita relativamente bassi e a valori residui molto elevati per le centrali idroelettriche.<\/li>\n<li>L'efficienza energetica dell'energia idroelettrica \u00e8 molto elevata e si attesta in media sul 90-95%. Rispetto ad altre fonti energetiche, l'energia idroelettrica \u00e8 di gran lunga la tecnologia pi\u00f9 efficiente. <\/li>\n<li>Una centrale idroelettrica genera in media circa 5 gigawattora di elettricit\u00e0 per MW di capacit\u00e0 installata all'anno, ovvero circa cinque volte di pi\u00f9 di un impianto fotovoltaico.<\/li>\n<\/ul>\n<\/div>\n<\/div><\/div><div id=\"panel-2387-0-0-3\" class=\"so-panel widget widget_sow-image\" data-index=\"3\" ><div\n\t\t\t\n\t\t\tclass=\"so-widget-sow-image so-widget-sow-image-default-c67d20f9f743-2387\"\n\t\t\t\n\t\t>\n<div class=\"sow-image-container\">\n\t\t<img \n\tsrc=\"https:\/\/renaio.de\/wp-content\/uploads\/2025\/03\/Energieeffizienz_de_en-1.png\" width=\"480\" height=\"317\" srcset=\"https:\/\/renaio.de\/wp-content\/uploads\/2025\/03\/Energieeffizienz_de_en-1.png 480w, https:\/\/renaio.de\/wp-content\/uploads\/2025\/03\/Energieeffizienz_de_en-1-300x198.png 300w\" sizes=\"(max-width: 480px) 100vw, 480px\" title=\"Energieeffizienz_de_en\" alt=\"\" \t\tclass=\"so-widget-image\"\/>\n\t<\/div>\n\n<\/div><\/div><div id=\"panel-2387-0-0-4\" class=\"so-panel widget widget_sow-editor\" data-index=\"4\" ><div\n\t\t\t\n\t\t\tclass=\"so-widget-sow-editor so-widget-sow-editor-base\"\n\t\t\t\n\t\t>\n<div class=\"siteorigin-widget-tinymce textwidget\">\n\t<h5 class=\"text-center\"><em>Efficienze medie per fonte energetica in percentuale<\/em><\/h5>\n<\/div>\n<\/div><\/div><div id=\"panel-2387-0-0-5\" class=\"so-panel widget widget_sow-editor panel-last-child\" data-index=\"5\" ><div\n\t\t\t\n\t\t\tclass=\"so-widget-sow-editor so-widget-sow-editor-base\"\n\t\t\t\n\t\t>\n<div class=\"siteorigin-widget-tinymce textwidget\">\n\t<p style=\"text-align: justify;\">La capacit\u00e0 installata delle centrali idroelettriche nell'UE-27 \u00e8 di oltre 157 gigawatt. Di questi, solo nella regione alpina ci sono pi\u00f9 di 10.000 piccoli impianti idroelettrici con una potenza fino a 5 MW, che rappresentano gli investimenti target del fondo. Il valore totale degli impianti idroelettrici nell'UE a 27 ammonta a pi\u00f9 di 650 miliardi di euro. Il mercato degli impianti idroelettrici di grandi dimensioni (oltre i 5 MW) \u00e8 molto richiesto dai principali fornitori di capitale a causa degli elevati importi di investimento, ma la disponibilit\u00e0 \u00e8 limitata.   <\/p>\n<\/div>\n<\/div><\/div><\/div><\/div><\/div><\/div>","protected":false},"excerpt":{"rendered":"<p>Panoramica del mercato in Europa Gi\u00e0 in epoca preindustriale l&#8217;energia idroelettrica veniva utilizzata per azionare mulini, segherie e mulini a martelli. Le prime centrali idroelettriche furono costruite e messe in funzione alla fine del XIX secolo. Oggi l&#8217;energia idroelettrica come fonte energetica presenta molti vantaggi. La tecnologia \u00e8 collaudata e matura, estremamente durevole e soggetta [&hellip;]<\/p>\n","protected":false},"author":1,"featured_media":1852,"parent":0,"menu_order":0,"comment_status":"closed","ping_status":"closed","template":"","meta":{"inline_featured_image":false,"footnotes":""},"class_list":["post-2387","page","type-page","status-publish","has-post-thumbnail","hentry"],"_links":{"self":[{"href":"https:\/\/renaio.de\/it\/wp-json\/wp\/v2\/pages\/2387","targetHints":{"allow":["GET"]}}],"collection":[{"href":"https:\/\/renaio.de\/it\/wp-json\/wp\/v2\/pages"}],"about":[{"href":"https:\/\/renaio.de\/it\/wp-json\/wp\/v2\/types\/page"}],"author":[{"embeddable":true,"href":"https:\/\/renaio.de\/it\/wp-json\/wp\/v2\/users\/1"}],"replies":[{"embeddable":true,"href":"https:\/\/renaio.de\/it\/wp-json\/wp\/v2\/comments?post=2387"}],"version-history":[{"count":1,"href":"https:\/\/renaio.de\/it\/wp-json\/wp\/v2\/pages\/2387\/revisions"}],"predecessor-version":[{"id":4002,"href":"https:\/\/renaio.de\/it\/wp-json\/wp\/v2\/pages\/2387\/revisions\/4002"}],"wp:featuredmedia":[{"embeddable":true,"href":"https:\/\/renaio.de\/it\/wp-json\/wp\/v2\/media\/1852"}],"wp:attachment":[{"href":"https:\/\/renaio.de\/it\/wp-json\/wp\/v2\/media?parent=2387"}],"curies":[{"name":"wp","href":"https:\/\/api.w.org\/{rel}","templated":true}]}}