{"id":2381,"date":"2024-09-06T10:43:58","date_gmt":"2024-09-06T08:43:58","guid":{"rendered":"http:\/\/o5i.80b.mytemp.website\/ueber-uns\/"},"modified":"2025-10-09T15:01:45","modified_gmt":"2025-10-09T13:01:45","slug":"ueber-uns","status":"publish","type":"page","link":"https:\/\/renaio.de\/it\/azienda\/circa-noi\/","title":{"rendered":"Chi siamo"},"content":{"rendered":"<div id=\"pl-2381\"  class=\"panel-layout\" ><div id=\"pg-2381-0\"  class=\"panel-grid panel-has-style\" ><div class=\"container panel-row-style panel-row-style-for-2381-0\" ><div id=\"pgc-2381-0-0\"  class=\"panel-grid-cell\" ><div id=\"panel-2381-0-0-0\" class=\"so-panel widget widget_sow-editor panel-first-child\" data-index=\"0\" ><div class=\"w-85 panel-widget-style panel-widget-style-for-2381-0-0-0\" ><div\n\t\t\t\n\t\t\tclass=\"so-widget-sow-editor so-widget-sow-editor-base\"\n\t\t\t\n\t\t>\n<div class=\"siteorigin-widget-tinymce textwidget\">\n\t<h1 style=\"text-align: center;\">Dare forma al futuro in modo sostenibile<\/h1>\n<\/div>\n<\/div><\/div><\/div><div id=\"panel-2381-0-0-1\" class=\"so-panel widget widget_siteorigin-panels-builder\" data-index=\"1\" ><div id=\"pl-w66baf54c34a55\"  class=\"panel-layout\" ><div id=\"pg-w66baf54c34a55-0\"  class=\"panel-grid panel-no-style\" ><div id=\"pgc-w66baf54c34a55-0-0\"  class=\"panel-grid-cell\" ><div id=\"panel-w66baf54c34a55-0-0-0\" class=\"so-panel widget widget_sow-video panel-first-child panel-last-child\" data-index=\"0\" ><div\n\t\t\t\n\t\t\tclass=\"so-widget-sow-video so-widget-sow-video-default-f379b959fc93\"\n\t\t\t\n\t\t>\n<div class=\"sow-video-wrapper\n\">\n\t\t\t<video\n\t\t\tid=\"sow-player-1\" class=\"sow-video-widget\" preload=\"auto\" style=\"width:100%;height:100%;\" controls \t\t>\n\t\t\t\t\t\t\t<source type=\"video\/mp4\" src=\"https:\/\/renaio.de\/wp-content\/uploads\/2024\/07\/RENAIO_Imagefilm.mp4\"\/>\n\t\t\t\t\t<\/video>\n\t<\/div>\n<\/div><\/div><\/div><div id=\"pgc-w66baf54c34a55-0-1\"  class=\"panel-grid-cell panel-grid-cell-empty panel-grid-cell-mobile-last\" ><\/div><div id=\"pgc-w66baf54c34a55-0-2\"  class=\"panel-grid-cell panel-grid-cell-empty\" ><\/div><\/div><\/div><\/div><div id=\"panel-2381-0-0-2\" class=\"so-panel widget widget_sow-editor\" data-index=\"2\" ><div\n\t\t\t\n\t\t\tclass=\"so-widget-sow-editor so-widget-sow-editor-base\"\n\t\t\t\n\t\t>\n<div class=\"siteorigin-widget-tinymce textwidget\">\n\t<p class=\"text-justify\" style=\"text-align: justify;\"><strong>Il Gruppo RENAIO<\/strong> \u00e8 una societ\u00e0 di propriet\u00e0 specializzata nella gestione e nel finanziamento di progetti nei settori delle infrastrutture e delle energie rinnovabili. Il gruppo comprende RENAIO Assets GmbH e RENAIO Capital GmbH. <\/p>\n<p class=\"text-justify\" style=\"text-align: justify;\"><strong>RENAIO Assets GmbH<\/strong> \u00e8 uno dei principali gestori di investimenti in centrali idroelettriche. Gestiamo investimenti aperti e alternativi e supportiamo progetti sostenibili in tutta Europa con un approccio orientato alla soluzione: Dallo sviluppo e implementazione della strategia, passando per il processo di investimento, fino alla gestione operativa delle centrali. Ci concentriamo su tecnologie collaudate e rispettose dell'ambiente.  <\/p>\n<p class=\"text-justify\" style=\"text-align: left;\"><strong>RENAIO Capital GmbH <\/strong>\u00e8 responsabile della raccolta di fondi azionari, delle soluzioni di finanziamento, delle questioni relative agli investimenti infrastrutturali e della garanzia degli Obiettivi di Sviluppo Sostenibile delle Nazioni Unite e delle soluzioni di investimento ad impatto. Assistiamo RENAIO e gli sviluppatori di progetti esterni nel lancio di fondi di investimento alternativi (FIA) e li supportiamo nella raccolta di capitali da investitori istituzionali. <\/p>\n<p class=\"text-justify\" style=\"text-align: justify;\">\n<\/div>\n<\/div><\/div><div id=\"panel-2381-0-0-3\" class=\"so-panel widget widget_sow-editor panel-last-child\" data-index=\"3\" ><div\n\t\t\t\n\t\t\tclass=\"so-widget-sow-editor so-widget-sow-editor-base\"\n\t\t\t\n\t\t>\n<div class=\"siteorigin-widget-tinymce textwidget\">\n\t<p>Per sostenere la transizione energetica e offrire agli investitori l'opportunit\u00e0 di investire in impianti idroelettrici di piccole e medie dimensioni e di contribuire alla protezione del clima oltre a ottenere un buon rendimento, RENAIO Assets GmbH gestisce il primo fondo infrastrutturale aperto nel settore idroelettrico insieme a HANSAINVEST LUX S.A. in Lussemburgo:<\/p>\n<p><strong><a href=\"https:\/\/renaio.de\/infrastrukturfonds\/anlagepolitik\/\">RENAIO Fondo Infrastrutture S.C.A., SICAV-RAIF<\/a><\/strong><\/p>\n<\/div>\n<\/div><\/div><\/div><\/div><\/div><\/div>","protected":false},"excerpt":{"rendered":"<p>Dare forma al futuro in modo sostenibile Il Gruppo RENAIO \u00e8 una societ\u00e0 di propriet\u00e0 specializzata nella gestione e nel finanziamento di progetti nei settori delle infrastrutture e delle energie rinnovabili. Il gruppo comprende RENAIO Assets GmbH e RENAIO Capital GmbH. RENAIO Assets GmbH \u00e8 uno dei principali gestori di investimenti in centrali idroelettriche. Gestiamo [&hellip;]<\/p>\n","protected":false},"author":1,"featured_media":1488,"parent":0,"menu_order":0,"comment_status":"closed","ping_status":"closed","template":"","meta":{"inline_featured_image":false,"footnotes":""},"class_list":["post-2381","page","type-page","status-publish","has-post-thumbnail","hentry"],"_links":{"self":[{"href":"https:\/\/renaio.de\/it\/wp-json\/wp\/v2\/pages\/2381","targetHints":{"allow":["GET"]}}],"collection":[{"href":"https:\/\/renaio.de\/it\/wp-json\/wp\/v2\/pages"}],"about":[{"href":"https:\/\/renaio.de\/it\/wp-json\/wp\/v2\/types\/page"}],"author":[{"embeddable":true,"href":"https:\/\/renaio.de\/it\/wp-json\/wp\/v2\/users\/1"}],"replies":[{"embeddable":true,"href":"https:\/\/renaio.de\/it\/wp-json\/wp\/v2\/comments?post=2381"}],"version-history":[{"count":2,"href":"https:\/\/renaio.de\/it\/wp-json\/wp\/v2\/pages\/2381\/revisions"}],"predecessor-version":[{"id":4449,"href":"https:\/\/renaio.de\/it\/wp-json\/wp\/v2\/pages\/2381\/revisions\/4449"}],"wp:featuredmedia":[{"embeddable":true,"href":"https:\/\/renaio.de\/it\/wp-json\/wp\/v2\/media\/1488"}],"wp:attachment":[{"href":"https:\/\/renaio.de\/it\/wp-json\/wp\/v2\/media?parent=2381"}],"curies":[{"name":"wp","href":"https:\/\/api.w.org\/{rel}","templated":true}]}}